{"id":4738,"date":"2020-11-19T14:13:58","date_gmt":"2020-11-19T19:13:58","guid":{"rendered":"https:\/\/www.zonetechnologie.com\/?page_id=4738"},"modified":"2020-11-19T14:17:39","modified_gmt":"2020-11-19T19:17:39","slug":"covid-19-nous-sommes-ouverts","status":"publish","type":"page","link":"https:\/\/www.zonetechnologie.com\/fr\/covid-19-nous-sommes-ouverts\/","title":{"rendered":"COVID-19: NOUS SOMMES OUVERTS!"},"content":{"rendered":"\t\t<div data-elementor-type=\"wp-page\" data-elementor-id=\"4738\" class=\"elementor elementor-4738\">\n\t\t\t\t\t\t\t\t\t<section class=\"elementor-section elementor-top-section elementor-element elementor-element-783df48 elementor-section-boxed elementor-section-height-default elementor-section-height-default\" data-id=\"783df48\" data-element_type=\"section\">\n\t\t\t\t\t\t<div class=\"elementor-container elementor-column-gap-default\">\n\t\t\t\t\t<div class=\"elementor-column elementor-col-100 elementor-top-column elementor-element elementor-element-20a3432\" data-id=\"20a3432\" data-element_type=\"column\">\n\t\t\t<div class=\"elementor-widget-wrap elementor-element-populated\">\n\t\t\t\t\t\t\t\t<div class=\"elementor-element elementor-element-edf7ce6 elementor-widget elementor-widget-text-editor\" data-id=\"edf7ce6\" data-element_type=\"widget\" data-widget_type=\"text-editor.default\">\n\t\t\t\t<div class=\"elementor-widget-container\">\n\t\t\t\t\t\t\t<p>Dans cette p\u00e9riode trouble du Covid-19, notre entreprise est consid\u00e9r\u00e9e comme essentielle, car elle contribue \u00e0 maintenir les v\u00e9hicules des services d\u2019urgence et les v\u00e9hicules des entreprises de services essentiels \u00e0 \u00eatre op\u00e9rationnelle.<\/p><p>Pour tous vos besoins, n\u2019h\u00e9sitez pas \u00e0 communiquer avec nous, nous sommes toujours au poste du lundi au vendredi.<\/p><p>Pour nous rejoindre : <a href=\"tel:450-572-1476\">450-572-1476<\/a><br \/>ou sans frais <a href=\"tel:1-866-362-9663\">1-866-362-9663<\/a><\/p>\t\t\t\t\t\t<\/div>\n\t\t\t\t<\/div>\n\t\t\t\t\t<\/div>\n\t\t<\/div>\n\t\t\t\t\t\t\t<\/div>\n\t\t<\/section>\n\t\t\t\t\t\t\t<\/div>\n\t\t","protected":false},"excerpt":{"rendered":"<p>Dans cette p\u00e9riode trouble du Covid-19, notre entreprise est consid\u00e9r\u00e9e comme essentielle, car elle contribue \u00e0 maintenir les v\u00e9hicules des services d\u2019urgence et les v\u00e9hicules des entreprises de services essentiels \u00e0 \u00eatre op\u00e9rationnelle. Pour tous vos besoins, n\u2019h\u00e9sitez pas \u00e0 communiquer avec nous, nous sommes toujours au poste du lundi au vendredi. Pour nous rejoindre [&hellip;]<\/p>\n","protected":false},"author":1,"featured_media":0,"parent":0,"menu_order":0,"comment_status":"closed","ping_status":"closed","template":"","meta":[],"acf":[],"yoast_head":"<!-- This site is optimized with the Yoast SEO plugin v21.8 - https:\/\/yoast.com\/wordpress\/plugins\/seo\/ -->\n<title>COVID-19: NOUS SOMMES OUVERTS! - Zone Technologie \u00c9lectronique Inc.<\/title>\n<meta name=\"description\" content=\"Dans cette p\u00e9riode trouble du Covid-19, notre entreprise est consid\u00e9r\u00e9e comme essentielle, car elle contribue \u00e0 maintenir les v\u00e9hicules des services\" \/>\n<meta name=\"robots\" content=\"index, follow, max-snippet:-1, max-image-preview:large, max-video-preview:-1\" \/>\n<link rel=\"canonical\" href=\"https:\/\/www.zonetechnologie.com\/fr\/covid-19-nous-sommes-ouverts\/\" \/>\n<meta property=\"og:locale\" content=\"fr_CA\" \/>\n<meta property=\"og:type\" content=\"article\" \/>\n<meta property=\"og:title\" content=\"COVID-19: NOUS SOMMES OUVERTS! - Zone Technologie \u00c9lectronique Inc.\" \/>\n<meta property=\"og:description\" content=\"Dans cette p\u00e9riode trouble du Covid-19, notre entreprise est consid\u00e9r\u00e9e comme essentielle, car elle contribue \u00e0 maintenir les v\u00e9hicules des services\" \/>\n<meta property=\"og:url\" content=\"https:\/\/www.zonetechnologie.com\/fr\/covid-19-nous-sommes-ouverts\/\" \/>\n<meta property=\"og:site_name\" content=\"Zone Technologie \u00c9lectronique Inc.\" \/>\n<meta property=\"article:modified_time\" content=\"2020-11-19T19:17:39+00:00\" \/>\n<meta property=\"og:image\" content=\"https:\/\/www.zonetechnologie.com\/wp-content\/uploads\/2020\/05\/ZTE-OG.png\" \/>\n\t<meta property=\"og:image:width\" content=\"1200\" \/>\n\t<meta property=\"og:image:height\" content=\"630\" \/>\n\t<meta property=\"og:image:type\" content=\"image\/png\" \/>\n<meta name=\"twitter:card\" content=\"summary_large_image\" \/>\n<script type=\"application\/ld+json\" class=\"yoast-schema-graph\">{\"@context\":\"https:\/\/schema.org\",\"@graph\":[{\"@type\":\"WebPage\",\"@id\":\"https:\/\/www.zonetechnologie.com\/fr\/covid-19-nous-sommes-ouverts\/\",\"url\":\"https:\/\/www.zonetechnologie.com\/fr\/covid-19-nous-sommes-ouverts\/\",\"name\":\"COVID-19: NOUS SOMMES OUVERTS! - Zone Technologie \u00c9lectronique Inc.\",\"isPartOf\":{\"@id\":\"https:\/\/www.zonetechnologie.com\/fr\/#website\"},\"datePublished\":\"2020-11-19T19:13:58+00:00\",\"dateModified\":\"2020-11-19T19:17:39+00:00\",\"description\":\"Dans cette p\u00e9riode trouble du Covid-19, notre entreprise est consid\u00e9r\u00e9e comme essentielle, car elle contribue \u00e0 maintenir les v\u00e9hicules des services\",\"breadcrumb\":{\"@id\":\"https:\/\/www.zonetechnologie.com\/fr\/covid-19-nous-sommes-ouverts\/#breadcrumb\"},\"inLanguage\":\"fr-CA\",\"potentialAction\":[{\"@type\":\"ReadAction\",\"target\":[\"https:\/\/www.zonetechnologie.com\/fr\/covid-19-nous-sommes-ouverts\/\"]}]},{\"@type\":\"BreadcrumbList\",\"@id\":\"https:\/\/www.zonetechnologie.com\/fr\/covid-19-nous-sommes-ouverts\/#breadcrumb\",\"itemListElement\":[{\"@type\":\"ListItem\",\"position\":1,\"name\":\"Accueil\",\"item\":\"https:\/\/www.zonetechnologie.com\/fr\/\"},{\"@type\":\"ListItem\",\"position\":2,\"name\":\"COVID-19: NOUS SOMMES OUVERTS!\"}]},{\"@type\":\"WebSite\",\"@id\":\"https:\/\/www.zonetechnologie.com\/fr\/#website\",\"url\":\"https:\/\/www.zonetechnologie.com\/fr\/\",\"name\":\"Zone Technologie \u00c9lectronique Inc.\",\"description\":\"Innovation en mouvement\",\"publisher\":{\"@id\":\"https:\/\/www.zonetechnologie.com\/fr\/#organization\"},\"potentialAction\":[{\"@type\":\"SearchAction\",\"target\":{\"@type\":\"EntryPoint\",\"urlTemplate\":\"https:\/\/www.zonetechnologie.com\/fr\/?s={search_term_string}\"},\"query-input\":\"required name=search_term_string\"}],\"inLanguage\":\"fr-CA\"},{\"@type\":\"Organization\",\"@id\":\"https:\/\/www.zonetechnologie.com\/fr\/#organization\",\"name\":\"Zone Technologie\",\"url\":\"https:\/\/www.zonetechnologie.com\/fr\/\",\"logo\":{\"@type\":\"ImageObject\",\"inLanguage\":\"fr-CA\",\"@id\":\"https:\/\/www.zonetechnologie.com\/fr\/#\/schema\/logo\/image\/\",\"url\":\"https:\/\/www.zonetechnologie.com\/wp-content\/uploads\/2020\/02\/zone_favicon.png\",\"contentUrl\":\"https:\/\/www.zonetechnologie.com\/wp-content\/uploads\/2020\/02\/zone_favicon.png\",\"width\":531,\"height\":531,\"caption\":\"Zone Technologie\"},\"image\":{\"@id\":\"https:\/\/www.zonetechnologie.com\/fr\/#\/schema\/logo\/image\/\"}}]}<\/script>\n<!-- \/ Yoast SEO plugin. -->","yoast_head_json":{"title":"COVID-19: NOUS SOMMES OUVERTS! - Zone Technologie \u00c9lectronique Inc.","description":"Dans cette p\u00e9riode trouble du Covid-19, notre entreprise est consid\u00e9r\u00e9e comme essentielle, car elle contribue \u00e0 maintenir les v\u00e9hicules des services","robots":{"index":"index","follow":"follow","max-snippet":"max-snippet:-1","max-image-preview":"max-image-preview:large","max-video-preview":"max-video-preview:-1"},"canonical":"https:\/\/www.zonetechnologie.com\/fr\/covid-19-nous-sommes-ouverts\/","og_locale":"fr_CA","og_type":"article","og_title":"COVID-19: NOUS SOMMES OUVERTS! - Zone Technologie \u00c9lectronique Inc.","og_description":"Dans cette p\u00e9riode trouble du Covid-19, notre entreprise est consid\u00e9r\u00e9e comme essentielle, car elle contribue \u00e0 maintenir les v\u00e9hicules des services","og_url":"https:\/\/www.zonetechnologie.com\/fr\/covid-19-nous-sommes-ouverts\/","og_site_name":"Zone Technologie \u00c9lectronique Inc.","article_modified_time":"2020-11-19T19:17:39+00:00","og_image":[{"width":1200,"height":630,"url":"https:\/\/www.zonetechnologie.com\/wp-content\/uploads\/2020\/05\/ZTE-OG.png","type":"image\/png"}],"twitter_card":"summary_large_image","schema":{"@context":"https:\/\/schema.org","@graph":[{"@type":"WebPage","@id":"https:\/\/www.zonetechnologie.com\/fr\/covid-19-nous-sommes-ouverts\/","url":"https:\/\/www.zonetechnologie.com\/fr\/covid-19-nous-sommes-ouverts\/","name":"COVID-19: NOUS SOMMES OUVERTS! - Zone Technologie \u00c9lectronique Inc.","isPartOf":{"@id":"https:\/\/www.zonetechnologie.com\/fr\/#website"},"datePublished":"2020-11-19T19:13:58+00:00","dateModified":"2020-11-19T19:17:39+00:00","description":"Dans cette p\u00e9riode trouble du Covid-19, notre entreprise est consid\u00e9r\u00e9e comme essentielle, car elle contribue \u00e0 maintenir les v\u00e9hicules des services","breadcrumb":{"@id":"https:\/\/www.zonetechnologie.com\/fr\/covid-19-nous-sommes-ouverts\/#breadcrumb"},"inLanguage":"fr-CA","potentialAction":[{"@type":"ReadAction","target":["https:\/\/www.zonetechnologie.com\/fr\/covid-19-nous-sommes-ouverts\/"]}]},{"@type":"BreadcrumbList","@id":"https:\/\/www.zonetechnologie.com\/fr\/covid-19-nous-sommes-ouverts\/#breadcrumb","itemListElement":[{"@type":"ListItem","position":1,"name":"Accueil","item":"https:\/\/www.zonetechnologie.com\/fr\/"},{"@type":"ListItem","position":2,"name":"COVID-19: NOUS SOMMES OUVERTS!"}]},{"@type":"WebSite","@id":"https:\/\/www.zonetechnologie.com\/fr\/#website","url":"https:\/\/www.zonetechnologie.com\/fr\/","name":"Zone Technologie \u00c9lectronique Inc.","description":"Innovation en mouvement","publisher":{"@id":"https:\/\/www.zonetechnologie.com\/fr\/#organization"},"potentialAction":[{"@type":"SearchAction","target":{"@type":"EntryPoint","urlTemplate":"https:\/\/www.zonetechnologie.com\/fr\/?s={search_term_string}"},"query-input":"required name=search_term_string"}],"inLanguage":"fr-CA"},{"@type":"Organization","@id":"https:\/\/www.zonetechnologie.com\/fr\/#organization","name":"Zone Technologie","url":"https:\/\/www.zonetechnologie.com\/fr\/","logo":{"@type":"ImageObject","inLanguage":"fr-CA","@id":"https:\/\/www.zonetechnologie.com\/fr\/#\/schema\/logo\/image\/","url":"https:\/\/www.zonetechnologie.com\/wp-content\/uploads\/2020\/02\/zone_favicon.png","contentUrl":"https:\/\/www.zonetechnologie.com\/wp-content\/uploads\/2020\/02\/zone_favicon.png","width":531,"height":531,"caption":"Zone Technologie"},"image":{"@id":"https:\/\/www.zonetechnologie.com\/fr\/#\/schema\/logo\/image\/"}}]}},"_links":{"self":[{"href":"https:\/\/www.zonetechnologie.com\/fr\/wp-json\/wp\/v2\/pages\/4738"}],"collection":[{"href":"https:\/\/www.zonetechnologie.com\/fr\/wp-json\/wp\/v2\/pages"}],"about":[{"href":"https:\/\/www.zonetechnologie.com\/fr\/wp-json\/wp\/v2\/types\/page"}],"author":[{"embeddable":true,"href":"https:\/\/www.zonetechnologie.com\/fr\/wp-json\/wp\/v2\/users\/1"}],"replies":[{"embeddable":true,"href":"https:\/\/www.zonetechnologie.com\/fr\/wp-json\/wp\/v2\/comments?post=4738"}],"version-history":[{"count":0,"href":"https:\/\/www.zonetechnologie.com\/fr\/wp-json\/wp\/v2\/pages\/4738\/revisions"}],"wp:attachment":[{"href":"https:\/\/www.zonetechnologie.com\/fr\/wp-json\/wp\/v2\/media?parent=4738"}],"curies":[{"name":"wp","href":"https:\/\/api.w.org\/{rel}","templated":true}]}}