{"id":26,"date":"2020-02-25T15:31:12","date_gmt":"2020-02-25T20:31:12","guid":{"rendered":"https:\/\/www.zonetechnologie.com\/?page_id=26"},"modified":"2024-05-27T16:34:02","modified_gmt":"2024-05-27T20:34:02","slug":"contact","status":"publish","type":"page","link":"https:\/\/www.zonetechnologie.com\/fr\/contact\/","title":{"rendered":"Contact"},"content":{"rendered":"\t\t<div data-elementor-type=\"wp-page\" data-elementor-id=\"26\" class=\"elementor elementor-26\">\n\t\t\t\t\t\t\t\t\t<section class=\"elementor-section elementor-top-section elementor-element elementor-element-74ea6bc elementor-section-boxed elementor-section-height-default elementor-section-height-default\" data-id=\"74ea6bc\" data-element_type=\"section\">\n\t\t\t\t\t\t<div class=\"elementor-container elementor-column-gap-default\">\n\t\t\t\t\t<div class=\"elementor-column elementor-col-50 elementor-top-column elementor-element elementor-element-726b59a\" data-id=\"726b59a\" data-element_type=\"column\">\n\t\t\t<div class=\"elementor-widget-wrap elementor-element-populated\">\n\t\t\t\t\t\t\t\t<div class=\"elementor-element elementor-element-9f05233 elementor-widget elementor-widget-heading\" data-id=\"9f05233\" data-element_type=\"widget\" data-widget_type=\"heading.default\">\n\t\t\t\t<div class=\"elementor-widget-container\">\n\t\t\t<h2 class=\"elementor-heading-title elementor-size-default\">Laissez-nous un message<\/h2>\t\t<\/div>\n\t\t\t\t<\/div>\n\t\t\t\t<div class=\"elementor-element elementor-element-bfb106d elementor-widget elementor-widget-text-editor\" data-id=\"bfb106d\" data-element_type=\"widget\" data-widget_type=\"text-editor.default\">\n\t\t\t\t<div class=\"elementor-widget-container\">\n\t\t\t\t\t\t\t<p>Contactez-nous via ce court formulaire et nous vous r\u00e9pondrons dans les plus brefs d\u00e9lais.<\/p>\t\t\t\t\t\t<\/div>\n\t\t\t\t<\/div>\n\t\t\t\t<div class=\"elementor-element elementor-element-5ea927c elementor-widget elementor-widget-button\" data-id=\"5ea927c\" data-element_type=\"widget\" data-widget_type=\"button.default\">\n\t\t\t\t<div class=\"elementor-widget-container\">\n\t\t\t\t\t<div class=\"elementor-button-wrapper\">\n\t\t\t<a class=\"elementor-button elementor-button-link elementor-size-sm\" href=\"#coordonnees\">\n\t\t\t\t\t\t<span class=\"elementor-button-content-wrapper\">\n\t\t\t\t\t\t<span class=\"elementor-button-text\">Nos coordonn\u00e9es<\/span>\n\t\t<\/span>\n\t\t\t\t\t<\/a>\n\t\t<\/div>\n\t\t\t\t<\/div>\n\t\t\t\t<\/div>\n\t\t\t\t\t<\/div>\n\t\t<\/div>\n\t\t\t\t<div class=\"elementor-column elementor-col-50 elementor-top-column elementor-element elementor-element-7ceafd2\" data-id=\"7ceafd2\" data-element_type=\"column\">\n\t\t\t<div class=\"elementor-widget-wrap elementor-element-populated\">\n\t\t\t\t\t\t\t\t<div class=\"elementor-element elementor-element-f3d1522 elementor-button-align-stretch elementor-widget elementor-widget-form\" data-id=\"f3d1522\" data-element_type=\"widget\" data-settings=\"{&quot;button_width&quot;:&quot;20&quot;,&quot;step_next_label&quot;:&quot;Next&quot;,&quot;step_previous_label&quot;:&quot;Previous&quot;,&quot;step_type&quot;:&quot;number_text&quot;,&quot;step_icon_shape&quot;:&quot;circle&quot;}\" data-widget_type=\"form.default\">\n\t\t\t\t<div class=\"elementor-widget-container\">\n\t\t\t\t\t<form class=\"elementor-form\" method=\"post\" id=\"form_contact_fr\" name=\"Contact FR\">\n\t\t\t<input type=\"hidden\" name=\"post_id\" value=\"26\"\/>\n\t\t\t<input type=\"hidden\" name=\"form_id\" value=\"f3d1522\"\/>\n\t\t\t<input type=\"hidden\" name=\"referer_title\" value=\"Zone Technologie \u00c9lectronique Inc.\" \/>\n\n\t\t\t\n\t\t\t<div class=\"elementor-form-fields-wrapper elementor-labels-\">\n\t\t\t\t\t\t\t\t<div class=\"elementor-field-type-text elementor-field-group elementor-column elementor-field-group-prenom elementor-col-50 elementor-field-required\">\n\t\t\t\t\t\t\t\t\t\t\t\t<label for=\"form-field-prenom\" class=\"elementor-field-label elementor-screen-only\">\n\t\t\t\t\t\t\t\tPr\u00e9nom\t\t\t\t\t\t\t<\/label>\n\t\t\t\t\t\t\t\t\t\t\t\t\t\t<input size=\"1\" type=\"text\" name=\"form_fields[prenom]\" id=\"form-field-prenom\" class=\"elementor-field elementor-size-sm  elementor-field-textual\" placeholder=\"Pr\u00e9nom*\" required=\"required\" aria-required=\"true\">\n\t\t\t\t\t\t\t\t\t\t\t<\/div>\n\t\t\t\t\t\t\t\t<div class=\"elementor-field-type-text elementor-field-group elementor-column elementor-field-group-nom elementor-col-50 elementor-field-required\">\n\t\t\t\t\t\t\t\t\t\t\t\t<label for=\"form-field-nom\" class=\"elementor-field-label elementor-screen-only\">\n\t\t\t\t\t\t\t\tNom\t\t\t\t\t\t\t<\/label>\n\t\t\t\t\t\t\t\t\t\t\t\t\t\t<input size=\"1\" type=\"text\" name=\"form_fields[nom]\" id=\"form-field-nom\" class=\"elementor-field elementor-size-sm  elementor-field-textual\" placeholder=\"Nom*\" required=\"required\" aria-required=\"true\">\n\t\t\t\t\t\t\t\t\t\t\t<\/div>\n\t\t\t\t\t\t\t\t<div class=\"elementor-field-type-email elementor-field-group elementor-column elementor-field-group-courriel elementor-col-50 elementor-field-required\">\n\t\t\t\t\t\t\t\t\t\t\t\t<label for=\"form-field-courriel\" class=\"elementor-field-label elementor-screen-only\">\n\t\t\t\t\t\t\t\tCourriel\t\t\t\t\t\t\t<\/label>\n\t\t\t\t\t\t\t\t\t\t\t\t\t\t<input size=\"1\" type=\"email\" name=\"form_fields[courriel]\" id=\"form-field-courriel\" class=\"elementor-field elementor-size-sm  elementor-field-textual\" placeholder=\"Courriel*\" required=\"required\" aria-required=\"true\">\n\t\t\t\t\t\t\t\t\t\t\t<\/div>\n\t\t\t\t\t\t\t\t<div class=\"elementor-field-type-tel elementor-field-group elementor-column elementor-field-group-telephone elementor-col-50\">\n\t\t\t\t\t\t\t\t\t\t\t\t<label for=\"form-field-telephone\" class=\"elementor-field-label elementor-screen-only\">\n\t\t\t\t\t\t\t\tT\u00e9l\u00e9phone\t\t\t\t\t\t\t<\/label>\n\t\t\t\t\t\t\t\t<input size=\"1\" type=\"tel\" name=\"form_fields[telephone]\" id=\"form-field-telephone\" class=\"elementor-field elementor-size-sm  elementor-field-textual\" placeholder=\"T\u00e9l\u00e9phone*\" pattern=\"[0-9()#&amp;+*-=.]+\" title=\"Seuls les caract\u00e8res de num\u00e9ros de t\u00e9l\u00e9phone (#, -, *, etc.) sont accept\u00e9s.\">\n\n\t\t\t\t\t\t<\/div>\n\t\t\t\t\t\t\t\t<div class=\"elementor-field-type-textarea elementor-field-group elementor-column elementor-field-group-message elementor-col-100 elementor-field-required\">\n\t\t\t\t\t\t\t\t\t\t\t\t<label for=\"form-field-message\" class=\"elementor-field-label elementor-screen-only\">\n\t\t\t\t\t\t\t\tMessage\t\t\t\t\t\t\t<\/label>\n\t\t\t\t\t\t<textarea class=\"elementor-field-textual elementor-field  elementor-size-sm\" name=\"form_fields[message]\" id=\"form-field-message\" rows=\"6\" placeholder=\"Message*\" required=\"required\" aria-required=\"true\"><\/textarea>\t\t\t\t<\/div>\n\t\t\t\t\t\t\t\t<div class=\"elementor-field-type-text\">\n\t\t\t\t\t<input size=\"1\" type=\"text\" name=\"form_fields[field_29cfde9]\" id=\"form-field-field_29cfde9\" class=\"elementor-field elementor-size-sm \" style=\"display:none !important;\">\t\t\t\t<\/div>\n\t\t\t\t\t\t\t\t<div class=\"elementor-field-group elementor-column elementor-field-type-submit elementor-col-20 e-form__buttons\">\n\t\t\t\t\t<button type=\"submit\" class=\"elementor-button elementor-size-sm\">\n\t\t\t\t\t\t<span >\n\t\t\t\t\t\t\t\t\t\t\t\t\t\t\t<span class=\" elementor-button-icon\">\n\t\t\t\t\t\t\t\t\t\t\t\t\t\t\t\t\t\t\t\t\t\t\t\t\t\t<\/span>\n\t\t\t\t\t\t\t\t\t\t\t\t\t\t\t\t\t\t\t\t\t\t<span class=\"elementor-button-text\">Envoyer<\/span>\n\t\t\t\t\t\t\t\t\t\t\t\t\t<\/span>\n\t\t\t\t\t<\/button>\n\t\t\t\t<\/div>\n\t\t\t<\/div>\n\t\t<\/form>\n\t\t\t\t<\/div>\n\t\t\t\t<\/div>\n\t\t\t\t\t<\/div>\n\t\t<\/div>\n\t\t\t\t\t\t\t<\/div>\n\t\t<\/section>\n\t\t\t\t<section class=\"elementor-section elementor-top-section elementor-element elementor-element-f22fb6d elementor-section-stretched elementor-section-full_width elementor-section-height-default elementor-section-height-default\" data-id=\"f22fb6d\" data-element_type=\"section\" id=\"coordonnees\" data-settings=\"{&quot;stretch_section&quot;:&quot;section-stretched&quot;}\">\n\t\t\t\t\t\t<div class=\"elementor-container elementor-column-gap-default\">\n\t\t\t\t\t<div class=\"elementor-column elementor-col-50 elementor-top-column elementor-element elementor-element-1ffab97\" data-id=\"1ffab97\" data-element_type=\"column\" data-settings=\"{&quot;background_background&quot;:&quot;classic&quot;}\">\n\t\t\t<div class=\"elementor-widget-wrap elementor-element-populated\">\n\t\t\t\t\t\t\t\t<div class=\"elementor-element elementor-element-9902301 elementor-widget elementor-widget-spacer\" data-id=\"9902301\" data-element_type=\"widget\" data-widget_type=\"spacer.default\">\n\t\t\t\t<div class=\"elementor-widget-container\">\n\t\t\t\t\t<div class=\"elementor-spacer\">\n\t\t\t<div class=\"elementor-spacer-inner\"><\/div>\n\t\t<\/div>\n\t\t\t\t<\/div>\n\t\t\t\t<\/div>\n\t\t\t\t\t<\/div>\n\t\t<\/div>\n\t\t\t\t<div class=\"elementor-column elementor-col-50 elementor-top-column elementor-element elementor-element-5cbdbd4\" data-id=\"5cbdbd4\" data-element_type=\"column\" data-settings=\"{&quot;background_background&quot;:&quot;classic&quot;}\">\n\t\t\t<div class=\"elementor-widget-wrap elementor-element-populated\">\n\t\t\t\t\t\t\t\t<div class=\"elementor-element elementor-element-c0a5a6c elementor-widget elementor-widget-heading\" data-id=\"c0a5a6c\" data-element_type=\"widget\" data-widget_type=\"heading.default\">\n\t\t\t\t<div class=\"elementor-widget-container\">\n\t\t\t<span class=\"elementor-heading-title elementor-size-default\">Nos bureaux<\/span>\t\t<\/div>\n\t\t\t\t<\/div>\n\t\t\t\t<div class=\"elementor-element elementor-element-f5e5a2f elementor-widget elementor-widget-text-editor\" data-id=\"f5e5a2f\" data-element_type=\"widget\" data-widget_type=\"text-editor.default\">\n\t\t\t\t<div class=\"elementor-widget-container\">\n\t\t\t\t\t\t\t<a href=\"https:\/\/goo.gl\/maps\/vkRPgrvjpsLn6HBS6\" target=\"_blank\" rel=\"noopener\">9000 Boulevard Industriel, <br>Chambly, Qu\u00e9bec, J3L 4X3<\/a>\t\t\t\t\t\t<\/div>\n\t\t\t\t<\/div>\n\t\t\t\t<div class=\"elementor-element elementor-element-0524d25 elementor-widget elementor-widget-heading\" data-id=\"0524d25\" data-element_type=\"widget\" data-widget_type=\"heading.default\">\n\t\t\t\t<div class=\"elementor-widget-container\">\n\t\t\t<span class=\"elementor-heading-title elementor-size-default\">Nos coordonn\u00e9es<\/span>\t\t<\/div>\n\t\t\t\t<\/div>\n\t\t\t\t<div class=\"elementor-element elementor-element-ecb4e04 elementor-widget elementor-widget-text-editor\" data-id=\"ecb4e04\" data-element_type=\"widget\" data-widget_type=\"text-editor.default\">\n\t\t\t\t<div class=\"elementor-widget-container\">\n\t\t\t\t\t\t\t<p><strong>T.<\/strong> 450 572-1476<br \/><strong>F.<\/strong> 450 572-0898<\/p>\t\t\t\t\t\t<\/div>\n\t\t\t\t<\/div>\n\t\t\t\t<div class=\"elementor-element elementor-element-4d787d7 elementor-widget elementor-widget-heading\" data-id=\"4d787d7\" data-element_type=\"widget\" data-widget_type=\"heading.default\">\n\t\t\t\t<div class=\"elementor-widget-container\">\n\t\t\t<span class=\"elementor-heading-title elementor-size-default\">Heures d'ouverture<\/span>\t\t<\/div>\n\t\t\t\t<\/div>\n\t\t\t\t<div class=\"elementor-element elementor-element-d83d33a elementor-widget elementor-widget-text-editor\" data-id=\"d83d33a\" data-element_type=\"widget\" data-widget_type=\"text-editor.default\">\n\t\t\t\t<div class=\"elementor-widget-container\">\n\t\t\t\t\t\t\t<p><strong>Lundi au jeudi<\/strong><br \/>7:30 \u00e0 17:00\u00a0<br \/><strong>Vendredi<\/strong><br \/>7:30 \u00e0 12:00\u00a0<br \/>Fermeture entre 12:00 et 13:00<\/p>\t\t\t\t\t\t<\/div>\n\t\t\t\t<\/div>\n\t\t\t\t<div class=\"elementor-element elementor-element-7cbace6 elementor-shape-circle e-grid-align-left elementor-grid-0 elementor-widget elementor-widget-social-icons\" data-id=\"7cbace6\" data-element_type=\"widget\" data-widget_type=\"social-icons.default\">\n\t\t\t\t<div class=\"elementor-widget-container\">\n\t\t\t\t\t<div class=\"elementor-social-icons-wrapper elementor-grid\">\n\t\t\t\t\t\t\t<span class=\"elementor-grid-item\">\n\t\t\t\t\t<a class=\"elementor-icon elementor-social-icon elementor-social-icon-youtube elementor-repeater-item-eea39ef\" href=\"https:\/\/www.youtube.com\/user\/Zonetechnologie\" target=\"_blank\">\n\t\t\t\t\t\t<span class=\"elementor-screen-only\">Youtube<\/span>\n\t\t\t\t\t\t<i class=\"fab fa-youtube\"><\/i>\t\t\t\t\t<\/a>\n\t\t\t\t<\/span>\n\t\t\t\t\t\t\t<span class=\"elementor-grid-item\">\n\t\t\t\t\t<a class=\"elementor-icon elementor-social-icon elementor-social-icon-twitter elementor-repeater-item-27407b1\" href=\"https:\/\/twitter.com\/zonetechnologie\" target=\"_blank\">\n\t\t\t\t\t\t<span class=\"elementor-screen-only\">Twitter<\/span>\n\t\t\t\t\t\t<i class=\"fab fa-twitter\"><\/i>\t\t\t\t\t<\/a>\n\t\t\t\t<\/span>\n\t\t\t\t\t\t\t<span class=\"elementor-grid-item\">\n\t\t\t\t\t<a class=\"elementor-icon elementor-social-icon elementor-social-icon-linkedin elementor-repeater-item-a4188ed\" href=\"https:\/\/www.linkedin.com\/company\/zone-technologie\" target=\"_blank\">\n\t\t\t\t\t\t<span class=\"elementor-screen-only\">Linkedin<\/span>\n\t\t\t\t\t\t<i class=\"fab fa-linkedin\"><\/i>\t\t\t\t\t<\/a>\n\t\t\t\t<\/span>\n\t\t\t\t\t\t\t<span class=\"elementor-grid-item\">\n\t\t\t\t\t<a class=\"elementor-icon elementor-social-icon elementor-social-icon-facebook elementor-repeater-item-9efaa17\" href=\"https:\/\/www.facebook.com\/zonetechnologie\/\" target=\"_blank\">\n\t\t\t\t\t\t<span class=\"elementor-screen-only\">Facebook<\/span>\n\t\t\t\t\t\t<i class=\"fab fa-facebook\"><\/i>\t\t\t\t\t<\/a>\n\t\t\t\t<\/span>\n\t\t\t\t\t<\/div>\n\t\t\t\t<\/div>\n\t\t\t\t<\/div>\n\t\t\t\t\t<\/div>\n\t\t<\/div>\n\t\t\t\t\t\t\t<\/div>\n\t\t<\/section>\n\t\t\t\t\t\t\t<\/div>\n\t\t","protected":false},"excerpt":{"rendered":"<p>Laissez-nous un message Contactez-nous via ce court formulaire et nous vous r\u00e9pondrons dans les plus brefs d\u00e9lais. Nos coordonn\u00e9es Nos bureaux 9000 Boulevard Industriel, Chambly, Qu\u00e9bec, J3L 4X3 Nos coordonn\u00e9es T. 450 572-1476F. 450 572-0898 Heures d&#8217;ouverture Lundi au jeudi7:30 \u00e0 17:00\u00a0Vendredi7:30 \u00e0 12:00\u00a0Fermeture entre 12:00 et 13:00 Youtube Twitter Linkedin Facebook<\/p>\n","protected":false},"author":1,"featured_media":0,"parent":0,"menu_order":0,"comment_status":"closed","ping_status":"closed","template":"","meta":[],"acf":[],"yoast_head":"<!-- This site is optimized with the Yoast SEO plugin v21.8 - https:\/\/yoast.com\/wordpress\/plugins\/seo\/ -->\n<title>Contact - Zone Technologie \u00c9lectronique Inc.<\/title>\n<meta name=\"description\" content=\"Laissez-nous un message Contactez-nous via ce court formulaire et nous vous r\u00e9pondrons dans les plus brefs d\u00e9lais. Nos coordonn\u00e9es Nos bureaux 9000\" \/>\n<meta name=\"robots\" content=\"index, follow, max-snippet:-1, max-image-preview:large, max-video-preview:-1\" \/>\n<link rel=\"canonical\" href=\"https:\/\/www.zonetechnologie.com\/fr\/contact\/\" \/>\n<meta property=\"og:locale\" content=\"fr_CA\" \/>\n<meta property=\"og:type\" content=\"article\" \/>\n<meta property=\"og:title\" content=\"Contact - Zone Technologie \u00c9lectronique Inc.\" \/>\n<meta property=\"og:description\" content=\"Laissez-nous un message Contactez-nous via ce court formulaire et nous vous r\u00e9pondrons dans les plus brefs d\u00e9lais. Nos coordonn\u00e9es Nos bureaux 9000\" \/>\n<meta property=\"og:url\" content=\"https:\/\/www.zonetechnologie.com\/fr\/contact\/\" \/>\n<meta property=\"og:site_name\" content=\"Zone Technologie \u00c9lectronique Inc.\" \/>\n<meta property=\"article:modified_time\" content=\"2024-05-27T20:34:02+00:00\" \/>\n<meta property=\"og:image\" content=\"https:\/\/www.zonetechnologie.com\/wp-content\/uploads\/2020\/05\/ZTE-OG.png\" \/>\n\t<meta property=\"og:image:width\" content=\"1200\" \/>\n\t<meta property=\"og:image:height\" content=\"630\" \/>\n\t<meta property=\"og:image:type\" content=\"image\/png\" \/>\n<meta name=\"twitter:card\" content=\"summary_large_image\" \/>\n<meta name=\"twitter:label1\" content=\"Estimation du temps de lecture\" \/>\n\t<meta name=\"twitter:data1\" content=\"1 minute\" \/>\n<script type=\"application\/ld+json\" class=\"yoast-schema-graph\">{\"@context\":\"https:\/\/schema.org\",\"@graph\":[{\"@type\":\"WebPage\",\"@id\":\"https:\/\/www.zonetechnologie.com\/fr\/contact\/\",\"url\":\"https:\/\/www.zonetechnologie.com\/fr\/contact\/\",\"name\":\"Contact - Zone Technologie \u00c9lectronique Inc.\",\"isPartOf\":{\"@id\":\"https:\/\/www.zonetechnologie.com\/fr\/#website\"},\"datePublished\":\"2020-02-25T20:31:12+00:00\",\"dateModified\":\"2024-05-27T20:34:02+00:00\",\"description\":\"Laissez-nous un message Contactez-nous via ce court formulaire et nous vous r\u00e9pondrons dans les plus brefs d\u00e9lais. Nos coordonn\u00e9es Nos bureaux 9000\",\"breadcrumb\":{\"@id\":\"https:\/\/www.zonetechnologie.com\/fr\/contact\/#breadcrumb\"},\"inLanguage\":\"fr-CA\",\"potentialAction\":[{\"@type\":\"ReadAction\",\"target\":[\"https:\/\/www.zonetechnologie.com\/fr\/contact\/\"]}]},{\"@type\":\"BreadcrumbList\",\"@id\":\"https:\/\/www.zonetechnologie.com\/fr\/contact\/#breadcrumb\",\"itemListElement\":[{\"@type\":\"ListItem\",\"position\":1,\"name\":\"Accueil\",\"item\":\"https:\/\/www.zonetechnologie.com\/fr\/\"},{\"@type\":\"ListItem\",\"position\":2,\"name\":\"Contact\"}]},{\"@type\":\"WebSite\",\"@id\":\"https:\/\/www.zonetechnologie.com\/fr\/#website\",\"url\":\"https:\/\/www.zonetechnologie.com\/fr\/\",\"name\":\"Zone Technologie \u00c9lectronique Inc.\",\"description\":\"Innovation en mouvement\",\"publisher\":{\"@id\":\"https:\/\/www.zonetechnologie.com\/fr\/#organization\"},\"potentialAction\":[{\"@type\":\"SearchAction\",\"target\":{\"@type\":\"EntryPoint\",\"urlTemplate\":\"https:\/\/www.zonetechnologie.com\/fr\/?s={search_term_string}\"},\"query-input\":\"required name=search_term_string\"}],\"inLanguage\":\"fr-CA\"},{\"@type\":\"Organization\",\"@id\":\"https:\/\/www.zonetechnologie.com\/fr\/#organization\",\"name\":\"Zone Technologie\",\"url\":\"https:\/\/www.zonetechnologie.com\/fr\/\",\"logo\":{\"@type\":\"ImageObject\",\"inLanguage\":\"fr-CA\",\"@id\":\"https:\/\/www.zonetechnologie.com\/fr\/#\/schema\/logo\/image\/\",\"url\":\"https:\/\/www.zonetechnologie.com\/wp-content\/uploads\/2020\/02\/zone_favicon.png\",\"contentUrl\":\"https:\/\/www.zonetechnologie.com\/wp-content\/uploads\/2020\/02\/zone_favicon.png\",\"width\":531,\"height\":531,\"caption\":\"Zone Technologie\"},\"image\":{\"@id\":\"https:\/\/www.zonetechnologie.com\/fr\/#\/schema\/logo\/image\/\"}}]}<\/script>\n<!-- \/ Yoast SEO plugin. -->","yoast_head_json":{"title":"Contact - Zone Technologie \u00c9lectronique Inc.","description":"Laissez-nous un message Contactez-nous via ce court formulaire et nous vous r\u00e9pondrons dans les plus brefs d\u00e9lais. Nos coordonn\u00e9es Nos bureaux 9000","robots":{"index":"index","follow":"follow","max-snippet":"max-snippet:-1","max-image-preview":"max-image-preview:large","max-video-preview":"max-video-preview:-1"},"canonical":"https:\/\/www.zonetechnologie.com\/fr\/contact\/","og_locale":"fr_CA","og_type":"article","og_title":"Contact - Zone Technologie \u00c9lectronique Inc.","og_description":"Laissez-nous un message Contactez-nous via ce court formulaire et nous vous r\u00e9pondrons dans les plus brefs d\u00e9lais. Nos coordonn\u00e9es Nos bureaux 9000","og_url":"https:\/\/www.zonetechnologie.com\/fr\/contact\/","og_site_name":"Zone Technologie \u00c9lectronique Inc.","article_modified_time":"2024-05-27T20:34:02+00:00","og_image":[{"width":1200,"height":630,"url":"https:\/\/www.zonetechnologie.com\/wp-content\/uploads\/2020\/05\/ZTE-OG.png","type":"image\/png"}],"twitter_card":"summary_large_image","twitter_misc":{"Estimation du temps de lecture":"1 minute"},"schema":{"@context":"https:\/\/schema.org","@graph":[{"@type":"WebPage","@id":"https:\/\/www.zonetechnologie.com\/fr\/contact\/","url":"https:\/\/www.zonetechnologie.com\/fr\/contact\/","name":"Contact - Zone Technologie \u00c9lectronique Inc.","isPartOf":{"@id":"https:\/\/www.zonetechnologie.com\/fr\/#website"},"datePublished":"2020-02-25T20:31:12+00:00","dateModified":"2024-05-27T20:34:02+00:00","description":"Laissez-nous un message Contactez-nous via ce court formulaire et nous vous r\u00e9pondrons dans les plus brefs d\u00e9lais. Nos coordonn\u00e9es Nos bureaux 9000","breadcrumb":{"@id":"https:\/\/www.zonetechnologie.com\/fr\/contact\/#breadcrumb"},"inLanguage":"fr-CA","potentialAction":[{"@type":"ReadAction","target":["https:\/\/www.zonetechnologie.com\/fr\/contact\/"]}]},{"@type":"BreadcrumbList","@id":"https:\/\/www.zonetechnologie.com\/fr\/contact\/#breadcrumb","itemListElement":[{"@type":"ListItem","position":1,"name":"Accueil","item":"https:\/\/www.zonetechnologie.com\/fr\/"},{"@type":"ListItem","position":2,"name":"Contact"}]},{"@type":"WebSite","@id":"https:\/\/www.zonetechnologie.com\/fr\/#website","url":"https:\/\/www.zonetechnologie.com\/fr\/","name":"Zone Technologie \u00c9lectronique Inc.","description":"Innovation en mouvement","publisher":{"@id":"https:\/\/www.zonetechnologie.com\/fr\/#organization"},"potentialAction":[{"@type":"SearchAction","target":{"@type":"EntryPoint","urlTemplate":"https:\/\/www.zonetechnologie.com\/fr\/?s={search_term_string}"},"query-input":"required name=search_term_string"}],"inLanguage":"fr-CA"},{"@type":"Organization","@id":"https:\/\/www.zonetechnologie.com\/fr\/#organization","name":"Zone Technologie","url":"https:\/\/www.zonetechnologie.com\/fr\/","logo":{"@type":"ImageObject","inLanguage":"fr-CA","@id":"https:\/\/www.zonetechnologie.com\/fr\/#\/schema\/logo\/image\/","url":"https:\/\/www.zonetechnologie.com\/wp-content\/uploads\/2020\/02\/zone_favicon.png","contentUrl":"https:\/\/www.zonetechnologie.com\/wp-content\/uploads\/2020\/02\/zone_favicon.png","width":531,"height":531,"caption":"Zone Technologie"},"image":{"@id":"https:\/\/www.zonetechnologie.com\/fr\/#\/schema\/logo\/image\/"}}]}},"_links":{"self":[{"href":"https:\/\/www.zonetechnologie.com\/fr\/wp-json\/wp\/v2\/pages\/26"}],"collection":[{"href":"https:\/\/www.zonetechnologie.com\/fr\/wp-json\/wp\/v2\/pages"}],"about":[{"href":"https:\/\/www.zonetechnologie.com\/fr\/wp-json\/wp\/v2\/types\/page"}],"author":[{"embeddable":true,"href":"https:\/\/www.zonetechnologie.com\/fr\/wp-json\/wp\/v2\/users\/1"}],"replies":[{"embeddable":true,"href":"https:\/\/www.zonetechnologie.com\/fr\/wp-json\/wp\/v2\/comments?post=26"}],"version-history":[{"count":10,"href":"https:\/\/www.zonetechnologie.com\/fr\/wp-json\/wp\/v2\/pages\/26\/revisions"}],"predecessor-version":[{"id":37312,"href":"https:\/\/www.zonetechnologie.com\/fr\/wp-json\/wp\/v2\/pages\/26\/revisions\/37312"}],"wp:attachment":[{"href":"https:\/\/www.zonetechnologie.com\/fr\/wp-json\/wp\/v2\/media?parent=26"}],"curies":[{"name":"wp","href":"https:\/\/api.w.org\/{rel}","templated":true}]}}