{"id":255,"date":"2020-02-27T15:10:53","date_gmt":"2020-02-27T20:10:53","guid":{"rendered":"https:\/\/www.zonetechnologie.com\/?page_id=255"},"modified":"2021-01-12T11:14:06","modified_gmt":"2021-01-12T16:14:06","slug":"flottes-de-vehicule","status":"publish","type":"page","link":"https:\/\/www.zonetechnologie.com\/fr\/marches\/flottes-de-vehicule\/","title":{"rendered":"Flottes de v\u00e9hicule"},"content":{"rendered":"\t\t<div data-elementor-type=\"wp-page\" data-elementor-id=\"255\" class=\"elementor elementor-255\">\n\t\t\t\t\t\t\t\t\t<section class=\"elementor-section elementor-top-section elementor-element elementor-element-3b4e3e3 elementor-section-boxed elementor-section-height-default elementor-section-height-default\" data-id=\"3b4e3e3\" data-element_type=\"section\">\n\t\t\t\t\t\t<div class=\"elementor-container elementor-column-gap-default\">\n\t\t\t\t\t<div class=\"elementor-column elementor-col-50 elementor-top-column elementor-element elementor-element-ace6ca5\" data-id=\"ace6ca5\" data-element_type=\"column\">\n\t\t\t<div class=\"elementor-widget-wrap elementor-element-populated\">\n\t\t\t\t\t\t\t\t<div class=\"elementor-element elementor-element-b357ae4 elementor-widget elementor-widget-heading\" data-id=\"b357ae4\" data-element_type=\"widget\" data-widget_type=\"heading.default\">\n\t\t\t\t<div class=\"elementor-widget-container\">\n\t\t\t<h2 class=\"elementor-heading-title elementor-size-default\">En toute <br>s\u00e9curit\u00e9<\/h2>\t\t<\/div>\n\t\t\t\t<\/div>\n\t\t\t\t\t<\/div>\n\t\t<\/div>\n\t\t\t\t<div class=\"elementor-column elementor-col-50 elementor-top-column elementor-element elementor-element-c96a91a\" data-id=\"c96a91a\" data-element_type=\"column\">\n\t\t\t<div class=\"elementor-widget-wrap elementor-element-populated\">\n\t\t\t\t\t\t\t\t<div class=\"elementor-element elementor-element-dee2c94 elementor-widget elementor-widget-text-editor\" data-id=\"dee2c94\" data-element_type=\"widget\" data-widget_type=\"text-editor.default\">\n\t\t\t\t<div class=\"elementor-widget-container\">\n\t\t\t\t\t\t\t<p>Les gestionnaires de grande flotte ont des besoins particuliers. Expertise, rapidit\u00e9 d\u2019ex\u00e9cutions, respect des d\u00e9lais, support technique \u00e0 long terme.<\/p>\n<p>Nous avons un grand espace de stationnement cl\u00f4tur\u00e9, qui est s\u00e9curis\u00e9 par un \nsyst\u00e8me d\u2019alarme et&nbsp;de cam\u00e9ras, ce qui nous permet de recevoir les flottes des \nv\u00e9hicules en toute s\u00e9curit\u00e9.<\/p>\t\t\t\t\t\t<\/div>\n\t\t\t\t<\/div>\n\t\t\t\t<div class=\"elementor-element elementor-element-1a863e1 elementor-widget elementor-widget-button\" data-id=\"1a863e1\" data-element_type=\"widget\" data-widget_type=\"button.default\">\n\t\t\t\t<div class=\"elementor-widget-container\">\n\t\t\t\t\t<div class=\"elementor-button-wrapper\">\n\t\t\t<a class=\"elementor-button elementor-button-link elementor-size-sm\" href=\"https:\/\/www.zonetechnologie.com\/fr\/contact\/\">\n\t\t\t\t\t\t<span class=\"elementor-button-content-wrapper\">\n\t\t\t\t\t\t<span class=\"elementor-button-text\">Contactez-nous<\/span>\n\t\t<\/span>\n\t\t\t\t\t<\/a>\n\t\t<\/div>\n\t\t\t\t<\/div>\n\t\t\t\t<\/div>\n\t\t\t\t\t<\/div>\n\t\t<\/div>\n\t\t\t\t\t\t\t<\/div>\n\t\t<\/section>\n\t\t\t\t<section class=\"elementor-section elementor-top-section elementor-element elementor-element-11efe20 elementor-section-boxed elementor-section-height-default elementor-section-height-default\" data-id=\"11efe20\" data-element_type=\"section\">\n\t\t\t\t\t\t<div class=\"elementor-container elementor-column-gap-default\">\n\t\t\t\t\t<div class=\"elementor-column elementor-col-50 elementor-top-column elementor-element elementor-element-9b19ff4\" data-id=\"9b19ff4\" data-element_type=\"column\">\n\t\t\t<div class=\"elementor-widget-wrap elementor-element-populated\">\n\t\t\t\t\t\t\t\t<div class=\"elementor-element elementor-element-62f4bbd elementor-widget elementor-widget-heading\" data-id=\"62f4bbd\" data-element_type=\"widget\" data-widget_type=\"heading.default\">\n\t\t\t\t<div class=\"elementor-widget-container\">\n\t\t\t<h3 class=\"elementor-heading-title elementor-size-default\">Nous nous d\u00e9marquons <\/h3>\t\t<\/div>\n\t\t\t\t<\/div>\n\t\t\t\t<div class=\"elementor-element elementor-element-0106b0f elementor-widget elementor-widget-text-editor\" data-id=\"0106b0f\" data-element_type=\"widget\" data-widget_type=\"text-editor.default\">\n\t\t\t\t<div class=\"elementor-widget-container\">\n\t\t\t\t\t\t\t<ul><li>Nous avons une \u00e9quipe de plus de 100 personnes<\/li><li>Ing\u00e9nieurs, dessinateurs, technologues, etc..<\/li><li>Un espace de production de 20,000 pieds<\/li><li>Processus de production informatis\u00e9<\/li><li>Tra\u00e7abilit\u00e9 des plans et pi\u00e8ces<\/li><li>Nous concevons et fabriquons certains de nos propres produits (R&amp;D)<\/li><\/ul>\t\t\t\t\t\t<\/div>\n\t\t\t\t<\/div>\n\t\t\t\t\t<\/div>\n\t\t<\/div>\n\t\t\t\t<div class=\"elementor-column elementor-col-50 elementor-top-column elementor-element elementor-element-0ed4e95\" data-id=\"0ed4e95\" data-element_type=\"column\">\n\t\t\t<div class=\"elementor-widget-wrap\">\n\t\t\t\t\t\t\t\t\t<\/div>\n\t\t<\/div>\n\t\t\t\t\t\t\t<\/div>\n\t\t<\/section>\n\t\t\t\t\t\t\t<\/div>\n\t\t","protected":false},"excerpt":{"rendered":"<p>En toute s\u00e9curit\u00e9 Les gestionnaires de grande flotte ont des besoins particuliers. Expertise, rapidit\u00e9 d\u2019ex\u00e9cutions, respect des d\u00e9lais, support technique \u00e0 long terme. Nous avons un grand espace de stationnement cl\u00f4tur\u00e9, qui est s\u00e9curis\u00e9 par un syst\u00e8me d\u2019alarme et&nbsp;de cam\u00e9ras, ce qui nous permet de recevoir les flottes des v\u00e9hicules en toute s\u00e9curit\u00e9. Contactez-nous Nous [&hellip;]<\/p>\n","protected":false},"author":1,"featured_media":0,"parent":18,"menu_order":0,"comment_status":"closed","ping_status":"closed","template":"","meta":[],"acf":[],"yoast_head":"<!-- This site is optimized with the Yoast SEO plugin v21.8 - https:\/\/yoast.com\/wordpress\/plugins\/seo\/ -->\n<title>Flottes de v\u00e9hicule - Zone Technologie \u00c9lectronique Inc.<\/title>\n<meta name=\"description\" content=\"En toute s\u00e9curit\u00e9 Les gestionnaires de grande flotte ont des besoins particuliers. Expertise, rapidit\u00e9 d\u2019ex\u00e9cutions, respect des d\u00e9lais, support technique\" \/>\n<meta name=\"robots\" content=\"index, follow, max-snippet:-1, max-image-preview:large, max-video-preview:-1\" \/>\n<link rel=\"canonical\" href=\"https:\/\/www.zonetechnologie.com\/fr\/marches\/flottes-de-vehicule\/\" \/>\n<meta property=\"og:locale\" content=\"fr_CA\" \/>\n<meta property=\"og:type\" content=\"article\" \/>\n<meta property=\"og:title\" content=\"Flottes de v\u00e9hicule - Zone Technologie \u00c9lectronique Inc.\" \/>\n<meta property=\"og:description\" content=\"En toute s\u00e9curit\u00e9 Les gestionnaires de grande flotte ont des besoins particuliers. Expertise, rapidit\u00e9 d\u2019ex\u00e9cutions, respect des d\u00e9lais, support technique\" \/>\n<meta property=\"og:url\" content=\"https:\/\/www.zonetechnologie.com\/fr\/marches\/flottes-de-vehicule\/\" \/>\n<meta property=\"og:site_name\" content=\"Zone Technologie \u00c9lectronique Inc.\" \/>\n<meta property=\"article:modified_time\" content=\"2021-01-12T16:14:06+00:00\" \/>\n<meta property=\"og:image\" content=\"https:\/\/www.zonetechnologie.com\/wp-content\/uploads\/2020\/02\/ZT08ms17-27GrapheStudio-768x512.jpg\" \/>\n<meta name=\"twitter:card\" content=\"summary_large_image\" \/>\n<meta name=\"twitter:label1\" content=\"Estimation du temps de lecture\" \/>\n\t<meta name=\"twitter:data1\" content=\"1 minute\" \/>\n<script type=\"application\/ld+json\" class=\"yoast-schema-graph\">{\"@context\":\"https:\/\/schema.org\",\"@graph\":[{\"@type\":\"WebPage\",\"@id\":\"https:\/\/www.zonetechnologie.com\/fr\/marches\/flottes-de-vehicule\/\",\"url\":\"https:\/\/www.zonetechnologie.com\/fr\/marches\/flottes-de-vehicule\/\",\"name\":\"Flottes de v\u00e9hicule - Zone Technologie \u00c9lectronique Inc.\",\"isPartOf\":{\"@id\":\"https:\/\/www.zonetechnologie.com\/fr\/#website\"},\"datePublished\":\"2020-02-27T20:10:53+00:00\",\"dateModified\":\"2021-01-12T16:14:06+00:00\",\"description\":\"En toute s\u00e9curit\u00e9 Les gestionnaires de grande flotte ont des besoins particuliers. Expertise, rapidit\u00e9 d\u2019ex\u00e9cutions, respect des d\u00e9lais, support technique\",\"breadcrumb\":{\"@id\":\"https:\/\/www.zonetechnologie.com\/fr\/marches\/flottes-de-vehicule\/#breadcrumb\"},\"inLanguage\":\"fr-CA\",\"potentialAction\":[{\"@type\":\"ReadAction\",\"target\":[\"https:\/\/www.zonetechnologie.com\/fr\/marches\/flottes-de-vehicule\/\"]}]},{\"@type\":\"BreadcrumbList\",\"@id\":\"https:\/\/www.zonetechnologie.com\/fr\/marches\/flottes-de-vehicule\/#breadcrumb\",\"itemListElement\":[{\"@type\":\"ListItem\",\"position\":1,\"name\":\"Accueil\",\"item\":\"https:\/\/www.zonetechnologie.com\/fr\/\"},{\"@type\":\"ListItem\",\"position\":2,\"name\":\"March\u00e9s\",\"item\":\"https:\/\/www.zonetechnologie.com\/fr\/marches\/\"},{\"@type\":\"ListItem\",\"position\":3,\"name\":\"Flottes de v\u00e9hicule\"}]},{\"@type\":\"WebSite\",\"@id\":\"https:\/\/www.zonetechnologie.com\/fr\/#website\",\"url\":\"https:\/\/www.zonetechnologie.com\/fr\/\",\"name\":\"Zone Technologie \u00c9lectronique Inc.\",\"description\":\"Innovation en mouvement\",\"publisher\":{\"@id\":\"https:\/\/www.zonetechnologie.com\/fr\/#organization\"},\"potentialAction\":[{\"@type\":\"SearchAction\",\"target\":{\"@type\":\"EntryPoint\",\"urlTemplate\":\"https:\/\/www.zonetechnologie.com\/fr\/?s={search_term_string}\"},\"query-input\":\"required name=search_term_string\"}],\"inLanguage\":\"fr-CA\"},{\"@type\":\"Organization\",\"@id\":\"https:\/\/www.zonetechnologie.com\/fr\/#organization\",\"name\":\"Zone Technologie\",\"url\":\"https:\/\/www.zonetechnologie.com\/fr\/\",\"logo\":{\"@type\":\"ImageObject\",\"inLanguage\":\"fr-CA\",\"@id\":\"https:\/\/www.zonetechnologie.com\/fr\/#\/schema\/logo\/image\/\",\"url\":\"https:\/\/www.zonetechnologie.com\/wp-content\/uploads\/2020\/02\/zone_favicon.png\",\"contentUrl\":\"https:\/\/www.zonetechnologie.com\/wp-content\/uploads\/2020\/02\/zone_favicon.png\",\"width\":531,\"height\":531,\"caption\":\"Zone Technologie\"},\"image\":{\"@id\":\"https:\/\/www.zonetechnologie.com\/fr\/#\/schema\/logo\/image\/\"}}]}<\/script>\n<!-- \/ Yoast SEO plugin. -->","yoast_head_json":{"title":"Flottes de v\u00e9hicule - Zone Technologie \u00c9lectronique Inc.","description":"En toute s\u00e9curit\u00e9 Les gestionnaires de grande flotte ont des besoins particuliers. Expertise, rapidit\u00e9 d\u2019ex\u00e9cutions, respect des d\u00e9lais, support technique","robots":{"index":"index","follow":"follow","max-snippet":"max-snippet:-1","max-image-preview":"max-image-preview:large","max-video-preview":"max-video-preview:-1"},"canonical":"https:\/\/www.zonetechnologie.com\/fr\/marches\/flottes-de-vehicule\/","og_locale":"fr_CA","og_type":"article","og_title":"Flottes de v\u00e9hicule - Zone Technologie \u00c9lectronique Inc.","og_description":"En toute s\u00e9curit\u00e9 Les gestionnaires de grande flotte ont des besoins particuliers. Expertise, rapidit\u00e9 d\u2019ex\u00e9cutions, respect des d\u00e9lais, support technique","og_url":"https:\/\/www.zonetechnologie.com\/fr\/marches\/flottes-de-vehicule\/","og_site_name":"Zone Technologie \u00c9lectronique Inc.","article_modified_time":"2021-01-12T16:14:06+00:00","og_image":[{"url":"https:\/\/www.zonetechnologie.com\/wp-content\/uploads\/2020\/02\/ZT08ms17-27GrapheStudio-768x512.jpg"}],"twitter_card":"summary_large_image","twitter_misc":{"Estimation du temps de lecture":"1 minute"},"schema":{"@context":"https:\/\/schema.org","@graph":[{"@type":"WebPage","@id":"https:\/\/www.zonetechnologie.com\/fr\/marches\/flottes-de-vehicule\/","url":"https:\/\/www.zonetechnologie.com\/fr\/marches\/flottes-de-vehicule\/","name":"Flottes de v\u00e9hicule - Zone Technologie \u00c9lectronique Inc.","isPartOf":{"@id":"https:\/\/www.zonetechnologie.com\/fr\/#website"},"datePublished":"2020-02-27T20:10:53+00:00","dateModified":"2021-01-12T16:14:06+00:00","description":"En toute s\u00e9curit\u00e9 Les gestionnaires de grande flotte ont des besoins particuliers. Expertise, rapidit\u00e9 d\u2019ex\u00e9cutions, respect des d\u00e9lais, support technique","breadcrumb":{"@id":"https:\/\/www.zonetechnologie.com\/fr\/marches\/flottes-de-vehicule\/#breadcrumb"},"inLanguage":"fr-CA","potentialAction":[{"@type":"ReadAction","target":["https:\/\/www.zonetechnologie.com\/fr\/marches\/flottes-de-vehicule\/"]}]},{"@type":"BreadcrumbList","@id":"https:\/\/www.zonetechnologie.com\/fr\/marches\/flottes-de-vehicule\/#breadcrumb","itemListElement":[{"@type":"ListItem","position":1,"name":"Accueil","item":"https:\/\/www.zonetechnologie.com\/fr\/"},{"@type":"ListItem","position":2,"name":"March\u00e9s","item":"https:\/\/www.zonetechnologie.com\/fr\/marches\/"},{"@type":"ListItem","position":3,"name":"Flottes de v\u00e9hicule"}]},{"@type":"WebSite","@id":"https:\/\/www.zonetechnologie.com\/fr\/#website","url":"https:\/\/www.zonetechnologie.com\/fr\/","name":"Zone Technologie \u00c9lectronique Inc.","description":"Innovation en mouvement","publisher":{"@id":"https:\/\/www.zonetechnologie.com\/fr\/#organization"},"potentialAction":[{"@type":"SearchAction","target":{"@type":"EntryPoint","urlTemplate":"https:\/\/www.zonetechnologie.com\/fr\/?s={search_term_string}"},"query-input":"required name=search_term_string"}],"inLanguage":"fr-CA"},{"@type":"Organization","@id":"https:\/\/www.zonetechnologie.com\/fr\/#organization","name":"Zone Technologie","url":"https:\/\/www.zonetechnologie.com\/fr\/","logo":{"@type":"ImageObject","inLanguage":"fr-CA","@id":"https:\/\/www.zonetechnologie.com\/fr\/#\/schema\/logo\/image\/","url":"https:\/\/www.zonetechnologie.com\/wp-content\/uploads\/2020\/02\/zone_favicon.png","contentUrl":"https:\/\/www.zonetechnologie.com\/wp-content\/uploads\/2020\/02\/zone_favicon.png","width":531,"height":531,"caption":"Zone Technologie"},"image":{"@id":"https:\/\/www.zonetechnologie.com\/fr\/#\/schema\/logo\/image\/"}}]}},"_links":{"self":[{"href":"https:\/\/www.zonetechnologie.com\/fr\/wp-json\/wp\/v2\/pages\/255"}],"collection":[{"href":"https:\/\/www.zonetechnologie.com\/fr\/wp-json\/wp\/v2\/pages"}],"about":[{"href":"https:\/\/www.zonetechnologie.com\/fr\/wp-json\/wp\/v2\/types\/page"}],"author":[{"embeddable":true,"href":"https:\/\/www.zonetechnologie.com\/fr\/wp-json\/wp\/v2\/users\/1"}],"replies":[{"embeddable":true,"href":"https:\/\/www.zonetechnologie.com\/fr\/wp-json\/wp\/v2\/comments?post=255"}],"version-history":[{"count":3,"href":"https:\/\/www.zonetechnologie.com\/fr\/wp-json\/wp\/v2\/pages\/255\/revisions"}],"predecessor-version":[{"id":5098,"href":"https:\/\/www.zonetechnologie.com\/fr\/wp-json\/wp\/v2\/pages\/255\/revisions\/5098"}],"up":[{"embeddable":true,"href":"https:\/\/www.zonetechnologie.com\/fr\/wp-json\/wp\/v2\/pages\/18"}],"wp:attachment":[{"href":"https:\/\/www.zonetechnologie.com\/fr\/wp-json\/wp\/v2\/media?parent=255"}],"curies":[{"name":"wp","href":"https:\/\/api.w.org\/{rel}","templated":true}]}}