{"id":253,"date":"2020-02-27T15:08:07","date_gmt":"2020-02-27T20:08:07","guid":{"rendered":"https:\/\/www.zonetechnologie.com\/?page_id=253"},"modified":"2020-10-22T08:54:05","modified_gmt":"2020-10-22T12:54:05","slug":"distribution-de-produits","status":"publish","type":"page","link":"https:\/\/www.zonetechnologie.com\/fr\/marches\/distribution-de-produits\/","title":{"rendered":"Distribution de produits"},"content":{"rendered":"\t\t<div data-elementor-type=\"wp-page\" data-elementor-id=\"253\" class=\"elementor elementor-253\">\n\t\t\t\t\t\t\t\t\t<section class=\"elementor-section elementor-top-section elementor-element elementor-element-8e13668 elementor-section-boxed elementor-section-height-default elementor-section-height-default\" data-id=\"8e13668\" data-element_type=\"section\">\n\t\t\t\t\t\t<div class=\"elementor-container elementor-column-gap-default\">\n\t\t\t\t\t<div class=\"elementor-column elementor-col-50 elementor-top-column elementor-element elementor-element-2fbaa03\" data-id=\"2fbaa03\" data-element_type=\"column\">\n\t\t\t<div class=\"elementor-widget-wrap elementor-element-populated\">\n\t\t\t\t\t\t\t\t<div class=\"elementor-element elementor-element-23bdad0 elementor-widget elementor-widget-heading\" data-id=\"23bdad0\" data-element_type=\"widget\" data-widget_type=\"heading.default\">\n\t\t\t\t<div class=\"elementor-widget-container\">\n\t\t\t<h2 class=\"elementor-heading-title elementor-size-default\">Partout <br>au pays<\/h2>\t\t<\/div>\n\t\t\t\t<\/div>\n\t\t\t\t\t<\/div>\n\t\t<\/div>\n\t\t\t\t<div class=\"elementor-column elementor-col-50 elementor-top-column elementor-element elementor-element-40a9b29\" data-id=\"40a9b29\" data-element_type=\"column\">\n\t\t\t<div class=\"elementor-widget-wrap elementor-element-populated\">\n\t\t\t\t\t\t\t\t<div class=\"elementor-element elementor-element-c720db4 elementor-widget elementor-widget-text-editor\" data-id=\"c720db4\" data-element_type=\"widget\" data-widget_type=\"text-editor.default\">\n\t\t\t\t<div class=\"elementor-widget-container\">\n\t\t\t\t\t\t\t<p>Avec un r\u00e9seau de plus de 200 distributeurs \u00e0 travers le Qu\u00e9bec et le Canada, nos produits de haute qualit\u00e9 peuvent \u00eatre trouv\u00e9s et achet\u00e9s pratiquement partout au pays. Cela nous ferait plaisir de vous r\u00e9f\u00e9rer \u00e0 l\u2019un d\u2019eux pour vos achats.<\/p>\t\t\t\t\t\t<\/div>\n\t\t\t\t<\/div>\n\t\t\t\t<div class=\"elementor-element elementor-element-d8c6f4b elementor-widget elementor-widget-button\" data-id=\"d8c6f4b\" data-element_type=\"widget\" data-widget_type=\"button.default\">\n\t\t\t\t<div class=\"elementor-widget-container\">\n\t\t\t\t\t<div class=\"elementor-button-wrapper\">\n\t\t\t<a class=\"elementor-button elementor-button-link elementor-size-sm\" href=\"https:\/\/www.zonetechnologie.com\/fr\/detaillants\/\">\n\t\t\t\t\t\t<span class=\"elementor-button-content-wrapper\">\n\t\t\t\t\t\t<span class=\"elementor-button-text\">Trouver un d\u00e9taillant<\/span>\n\t\t<\/span>\n\t\t\t\t\t<\/a>\n\t\t<\/div>\n\t\t\t\t<\/div>\n\t\t\t\t<\/div>\n\t\t\t\t\t<\/div>\n\t\t<\/div>\n\t\t\t\t\t\t\t<\/div>\n\t\t<\/section>\n\t\t\t\t\t\t\t<\/div>\n\t\t","protected":false},"excerpt":{"rendered":"<p>Partout au pays Avec un r\u00e9seau de plus de 200 distributeurs \u00e0 travers le Qu\u00e9bec et le Canada, nos produits de haute qualit\u00e9 peuvent \u00eatre trouv\u00e9s et achet\u00e9s pratiquement partout au pays. Cela nous ferait plaisir de vous r\u00e9f\u00e9rer \u00e0 l\u2019un d\u2019eux pour vos achats. Trouver un d\u00e9taillant<\/p>\n","protected":false},"author":1,"featured_media":0,"parent":18,"menu_order":0,"comment_status":"closed","ping_status":"closed","template":"","meta":[],"acf":[],"yoast_head":"<!-- This site is optimized with the Yoast SEO plugin v21.8 - https:\/\/yoast.com\/wordpress\/plugins\/seo\/ -->\n<title>Distribution de produits - Zone Technologie \u00c9lectronique Inc.<\/title>\n<meta name=\"description\" content=\"Partout au pays Avec un r\u00e9seau de plus de 200 distributeurs \u00e0 travers le Qu\u00e9bec et le Canada, nos produits de haute qualit\u00e9 peuvent \u00eatre trouv\u00e9s et\" \/>\n<meta name=\"robots\" content=\"index, follow, max-snippet:-1, max-image-preview:large, max-video-preview:-1\" \/>\n<link rel=\"canonical\" href=\"https:\/\/www.zonetechnologie.com\/fr\/marches\/distribution-de-produits\/\" \/>\n<meta property=\"og:locale\" content=\"fr_CA\" \/>\n<meta property=\"og:type\" content=\"article\" \/>\n<meta property=\"og:title\" content=\"Distribution de produits - Zone Technologie \u00c9lectronique Inc.\" \/>\n<meta property=\"og:description\" content=\"Partout au pays Avec un r\u00e9seau de plus de 200 distributeurs \u00e0 travers le Qu\u00e9bec et le Canada, nos produits de haute qualit\u00e9 peuvent \u00eatre trouv\u00e9s et\" \/>\n<meta property=\"og:url\" content=\"https:\/\/www.zonetechnologie.com\/fr\/marches\/distribution-de-produits\/\" \/>\n<meta property=\"og:site_name\" content=\"Zone Technologie \u00c9lectronique Inc.\" \/>\n<meta property=\"article:modified_time\" content=\"2020-10-22T12:54:05+00:00\" \/>\n<meta property=\"og:image\" content=\"https:\/\/www.zonetechnologie.com\/wp-content\/uploads\/2020\/05\/ZTE-OG.png\" \/>\n\t<meta property=\"og:image:width\" content=\"1200\" \/>\n\t<meta property=\"og:image:height\" content=\"630\" \/>\n\t<meta property=\"og:image:type\" content=\"image\/png\" \/>\n<meta name=\"twitter:card\" content=\"summary_large_image\" \/>\n<script type=\"application\/ld+json\" class=\"yoast-schema-graph\">{\"@context\":\"https:\/\/schema.org\",\"@graph\":[{\"@type\":\"WebPage\",\"@id\":\"https:\/\/www.zonetechnologie.com\/fr\/marches\/distribution-de-produits\/\",\"url\":\"https:\/\/www.zonetechnologie.com\/fr\/marches\/distribution-de-produits\/\",\"name\":\"Distribution de produits - Zone Technologie \u00c9lectronique Inc.\",\"isPartOf\":{\"@id\":\"https:\/\/www.zonetechnologie.com\/fr\/#website\"},\"datePublished\":\"2020-02-27T20:08:07+00:00\",\"dateModified\":\"2020-10-22T12:54:05+00:00\",\"description\":\"Partout au pays Avec un r\u00e9seau de plus de 200 distributeurs \u00e0 travers le Qu\u00e9bec et le Canada, nos produits de haute qualit\u00e9 peuvent \u00eatre trouv\u00e9s et\",\"breadcrumb\":{\"@id\":\"https:\/\/www.zonetechnologie.com\/fr\/marches\/distribution-de-produits\/#breadcrumb\"},\"inLanguage\":\"fr-CA\",\"potentialAction\":[{\"@type\":\"ReadAction\",\"target\":[\"https:\/\/www.zonetechnologie.com\/fr\/marches\/distribution-de-produits\/\"]}]},{\"@type\":\"BreadcrumbList\",\"@id\":\"https:\/\/www.zonetechnologie.com\/fr\/marches\/distribution-de-produits\/#breadcrumb\",\"itemListElement\":[{\"@type\":\"ListItem\",\"position\":1,\"name\":\"Accueil\",\"item\":\"https:\/\/www.zonetechnologie.com\/fr\/\"},{\"@type\":\"ListItem\",\"position\":2,\"name\":\"March\u00e9s\",\"item\":\"https:\/\/www.zonetechnologie.com\/fr\/marches\/\"},{\"@type\":\"ListItem\",\"position\":3,\"name\":\"Distribution de produits\"}]},{\"@type\":\"WebSite\",\"@id\":\"https:\/\/www.zonetechnologie.com\/fr\/#website\",\"url\":\"https:\/\/www.zonetechnologie.com\/fr\/\",\"name\":\"Zone Technologie \u00c9lectronique Inc.\",\"description\":\"Innovation en mouvement\",\"publisher\":{\"@id\":\"https:\/\/www.zonetechnologie.com\/fr\/#organization\"},\"potentialAction\":[{\"@type\":\"SearchAction\",\"target\":{\"@type\":\"EntryPoint\",\"urlTemplate\":\"https:\/\/www.zonetechnologie.com\/fr\/?s={search_term_string}\"},\"query-input\":\"required name=search_term_string\"}],\"inLanguage\":\"fr-CA\"},{\"@type\":\"Organization\",\"@id\":\"https:\/\/www.zonetechnologie.com\/fr\/#organization\",\"name\":\"Zone Technologie\",\"url\":\"https:\/\/www.zonetechnologie.com\/fr\/\",\"logo\":{\"@type\":\"ImageObject\",\"inLanguage\":\"fr-CA\",\"@id\":\"https:\/\/www.zonetechnologie.com\/fr\/#\/schema\/logo\/image\/\",\"url\":\"https:\/\/www.zonetechnologie.com\/wp-content\/uploads\/2020\/02\/zone_favicon.png\",\"contentUrl\":\"https:\/\/www.zonetechnologie.com\/wp-content\/uploads\/2020\/02\/zone_favicon.png\",\"width\":531,\"height\":531,\"caption\":\"Zone Technologie\"},\"image\":{\"@id\":\"https:\/\/www.zonetechnologie.com\/fr\/#\/schema\/logo\/image\/\"}}]}<\/script>\n<!-- \/ Yoast SEO plugin. -->","yoast_head_json":{"title":"Distribution de produits - Zone Technologie \u00c9lectronique Inc.","description":"Partout au pays Avec un r\u00e9seau de plus de 200 distributeurs \u00e0 travers le Qu\u00e9bec et le Canada, nos produits de haute qualit\u00e9 peuvent \u00eatre trouv\u00e9s et","robots":{"index":"index","follow":"follow","max-snippet":"max-snippet:-1","max-image-preview":"max-image-preview:large","max-video-preview":"max-video-preview:-1"},"canonical":"https:\/\/www.zonetechnologie.com\/fr\/marches\/distribution-de-produits\/","og_locale":"fr_CA","og_type":"article","og_title":"Distribution de produits - Zone Technologie \u00c9lectronique Inc.","og_description":"Partout au pays Avec un r\u00e9seau de plus de 200 distributeurs \u00e0 travers le Qu\u00e9bec et le Canada, nos produits de haute qualit\u00e9 peuvent \u00eatre trouv\u00e9s et","og_url":"https:\/\/www.zonetechnologie.com\/fr\/marches\/distribution-de-produits\/","og_site_name":"Zone Technologie \u00c9lectronique Inc.","article_modified_time":"2020-10-22T12:54:05+00:00","og_image":[{"width":1200,"height":630,"url":"https:\/\/www.zonetechnologie.com\/wp-content\/uploads\/2020\/05\/ZTE-OG.png","type":"image\/png"}],"twitter_card":"summary_large_image","schema":{"@context":"https:\/\/schema.org","@graph":[{"@type":"WebPage","@id":"https:\/\/www.zonetechnologie.com\/fr\/marches\/distribution-de-produits\/","url":"https:\/\/www.zonetechnologie.com\/fr\/marches\/distribution-de-produits\/","name":"Distribution de produits - Zone Technologie \u00c9lectronique Inc.","isPartOf":{"@id":"https:\/\/www.zonetechnologie.com\/fr\/#website"},"datePublished":"2020-02-27T20:08:07+00:00","dateModified":"2020-10-22T12:54:05+00:00","description":"Partout au pays Avec un r\u00e9seau de plus de 200 distributeurs \u00e0 travers le Qu\u00e9bec et le Canada, nos produits de haute qualit\u00e9 peuvent \u00eatre trouv\u00e9s et","breadcrumb":{"@id":"https:\/\/www.zonetechnologie.com\/fr\/marches\/distribution-de-produits\/#breadcrumb"},"inLanguage":"fr-CA","potentialAction":[{"@type":"ReadAction","target":["https:\/\/www.zonetechnologie.com\/fr\/marches\/distribution-de-produits\/"]}]},{"@type":"BreadcrumbList","@id":"https:\/\/www.zonetechnologie.com\/fr\/marches\/distribution-de-produits\/#breadcrumb","itemListElement":[{"@type":"ListItem","position":1,"name":"Accueil","item":"https:\/\/www.zonetechnologie.com\/fr\/"},{"@type":"ListItem","position":2,"name":"March\u00e9s","item":"https:\/\/www.zonetechnologie.com\/fr\/marches\/"},{"@type":"ListItem","position":3,"name":"Distribution de produits"}]},{"@type":"WebSite","@id":"https:\/\/www.zonetechnologie.com\/fr\/#website","url":"https:\/\/www.zonetechnologie.com\/fr\/","name":"Zone Technologie \u00c9lectronique Inc.","description":"Innovation en mouvement","publisher":{"@id":"https:\/\/www.zonetechnologie.com\/fr\/#organization"},"potentialAction":[{"@type":"SearchAction","target":{"@type":"EntryPoint","urlTemplate":"https:\/\/www.zonetechnologie.com\/fr\/?s={search_term_string}"},"query-input":"required name=search_term_string"}],"inLanguage":"fr-CA"},{"@type":"Organization","@id":"https:\/\/www.zonetechnologie.com\/fr\/#organization","name":"Zone Technologie","url":"https:\/\/www.zonetechnologie.com\/fr\/","logo":{"@type":"ImageObject","inLanguage":"fr-CA","@id":"https:\/\/www.zonetechnologie.com\/fr\/#\/schema\/logo\/image\/","url":"https:\/\/www.zonetechnologie.com\/wp-content\/uploads\/2020\/02\/zone_favicon.png","contentUrl":"https:\/\/www.zonetechnologie.com\/wp-content\/uploads\/2020\/02\/zone_favicon.png","width":531,"height":531,"caption":"Zone Technologie"},"image":{"@id":"https:\/\/www.zonetechnologie.com\/fr\/#\/schema\/logo\/image\/"}}]}},"_links":{"self":[{"href":"https:\/\/www.zonetechnologie.com\/fr\/wp-json\/wp\/v2\/pages\/253"}],"collection":[{"href":"https:\/\/www.zonetechnologie.com\/fr\/wp-json\/wp\/v2\/pages"}],"about":[{"href":"https:\/\/www.zonetechnologie.com\/fr\/wp-json\/wp\/v2\/types\/page"}],"author":[{"embeddable":true,"href":"https:\/\/www.zonetechnologie.com\/fr\/wp-json\/wp\/v2\/users\/1"}],"replies":[{"embeddable":true,"href":"https:\/\/www.zonetechnologie.com\/fr\/wp-json\/wp\/v2\/comments?post=253"}],"version-history":[{"count":0,"href":"https:\/\/www.zonetechnologie.com\/fr\/wp-json\/wp\/v2\/pages\/253\/revisions"}],"up":[{"embeddable":true,"href":"https:\/\/www.zonetechnologie.com\/fr\/wp-json\/wp\/v2\/pages\/18"}],"wp:attachment":[{"href":"https:\/\/www.zonetechnologie.com\/fr\/wp-json\/wp\/v2\/media?parent=253"}],"curies":[{"name":"wp","href":"https:\/\/api.w.org\/{rel}","templated":true}]}}