{"id":251,"date":"2020-02-27T15:07:42","date_gmt":"2020-02-27T20:07:42","guid":{"rendered":"https:\/\/www.zonetechnologie.com\/?page_id=251"},"modified":"2021-01-12T11:07:40","modified_gmt":"2021-01-12T16:07:40","slug":"villes-et-municipalites","status":"publish","type":"page","link":"https:\/\/www.zonetechnologie.com\/fr\/marches\/villes-et-municipalites\/","title":{"rendered":"Villes et municipalit\u00e9s"},"content":{"rendered":"\t\t<div data-elementor-type=\"wp-page\" data-elementor-id=\"251\" class=\"elementor elementor-251\">\n\t\t\t\t\t\t\t\t\t<section class=\"elementor-section elementor-top-section elementor-element elementor-element-462d522 elementor-section-boxed elementor-section-height-default elementor-section-height-default\" data-id=\"462d522\" data-element_type=\"section\">\n\t\t\t\t\t\t<div class=\"elementor-container elementor-column-gap-default\">\n\t\t\t\t\t<div class=\"elementor-column elementor-col-50 elementor-top-column elementor-element elementor-element-3f0c5ee\" data-id=\"3f0c5ee\" data-element_type=\"column\">\n\t\t\t<div class=\"elementor-widget-wrap elementor-element-populated\">\n\t\t\t\t\t\t\t\t<div class=\"elementor-element elementor-element-990b37c elementor-widget elementor-widget-heading\" data-id=\"990b37c\" data-element_type=\"widget\" data-widget_type=\"heading.default\">\n\t\t\t\t<div class=\"elementor-widget-container\">\n\t\t\t<h2 class=\"elementor-heading-title elementor-size-default\">R\u00e9pondre <br>aux exigences<\/h2>\t\t<\/div>\n\t\t\t\t<\/div>\n\t\t\t\t\t<\/div>\n\t\t<\/div>\n\t\t\t\t<div class=\"elementor-column elementor-col-50 elementor-top-column elementor-element elementor-element-49cbc1d\" data-id=\"49cbc1d\" data-element_type=\"column\">\n\t\t\t<div class=\"elementor-widget-wrap elementor-element-populated\">\n\t\t\t\t\t\t\t\t<div class=\"elementor-element elementor-element-6041c16 elementor-widget elementor-widget-text-editor\" data-id=\"6041c16\" data-element_type=\"widget\" data-widget_type=\"text-editor.default\">\n\t\t\t\t<div class=\"elementor-widget-container\">\n\t\t\t\t\t\t\t<p>Depuis ses d\u00e9buts, Zone Technologie travaille avec les villes et les municipalit\u00e9s dans le but bien pr\u00e9cis de r\u00e9pondre a leurs exigences. Au fil des ann\u00e9es, nous avons effectu\u00e9 des contrats d\u2019envergures qui ont contribu\u00e9 \u00e0 notre renomm\u00e9e et rassur\u00e9 les donneurs d\u2019ordre.<\/p>\t\t\t\t\t\t<\/div>\n\t\t\t\t<\/div>\n\t\t\t\t<div class=\"elementor-element elementor-element-12f0d07 elementor-widget elementor-widget-button\" data-id=\"12f0d07\" data-element_type=\"widget\" data-widget_type=\"button.default\">\n\t\t\t\t<div class=\"elementor-widget-container\">\n\t\t\t\t\t<div class=\"elementor-button-wrapper\">\n\t\t\t<a class=\"elementor-button elementor-button-link elementor-size-sm\" href=\"https:\/\/www.zonetechnologie.com\/fr\/contact\/\">\n\t\t\t\t\t\t<span class=\"elementor-button-content-wrapper\">\n\t\t\t\t\t\t<span class=\"elementor-button-text\">Contactez-nous<\/span>\n\t\t<\/span>\n\t\t\t\t\t<\/a>\n\t\t<\/div>\n\t\t\t\t<\/div>\n\t\t\t\t<\/div>\n\t\t\t\t\t<\/div>\n\t\t<\/div>\n\t\t\t\t\t\t\t<\/div>\n\t\t<\/section>\n\t\t\t\t<section class=\"elementor-section elementor-top-section elementor-element elementor-element-5a9c75e elementor-section-boxed elementor-section-height-default elementor-section-height-default\" data-id=\"5a9c75e\" data-element_type=\"section\">\n\t\t\t\t\t\t<div class=\"elementor-container elementor-column-gap-default\">\n\t\t\t\t\t<div class=\"elementor-column elementor-col-50 elementor-top-column elementor-element elementor-element-1cc3c49\" data-id=\"1cc3c49\" data-element_type=\"column\">\n\t\t\t<div class=\"elementor-widget-wrap elementor-element-populated\">\n\t\t\t\t\t\t\t\t<div class=\"elementor-element elementor-element-6dd98a5 elementor-widget elementor-widget-heading\" data-id=\"6dd98a5\" data-element_type=\"widget\" data-widget_type=\"heading.default\">\n\t\t\t\t<div class=\"elementor-widget-container\">\n\t\t\t<h3 class=\"elementor-heading-title elementor-size-default\">Que ce soit<\/h3>\t\t<\/div>\n\t\t\t\t<\/div>\n\t\t\t\t<div class=\"elementor-element elementor-element-d8e3db5 elementor-widget elementor-widget-text-editor\" data-id=\"d8e3db5\" data-element_type=\"widget\" data-widget_type=\"text-editor.default\">\n\t\t\t\t<div class=\"elementor-widget-container\">\n\t\t\t\t\t\t\t<ul>\n<li>Remplir les devis techniques et r\u00e9pondre aux exigences<\/li>\n<li>Offrir un service-conseil pour leurs flottes de v\u00e9hicules<\/li>\n<li>R\u00e9pondre aux d\u00e9lais en vigueur<\/li>\n<li>Offrir des solutions innovantes avec un d\u00e9partement de recherche et d\u00e9veloppement \u00e0 la fine pointe.<\/li>\n<\/ul>\t\t\t\t\t\t<\/div>\n\t\t\t\t<\/div>\n\t\t\t\t\t<\/div>\n\t\t<\/div>\n\t\t\t\t<div class=\"elementor-column elementor-col-50 elementor-top-column elementor-element elementor-element-ad2b2e3\" data-id=\"ad2b2e3\" data-element_type=\"column\">\n\t\t\t<div class=\"elementor-widget-wrap\">\n\t\t\t\t\t\t\t\t\t<\/div>\n\t\t<\/div>\n\t\t\t\t\t\t\t<\/div>\n\t\t<\/section>\n\t\t\t\t\t\t\t<\/div>\n\t\t","protected":false},"excerpt":{"rendered":"<p>R\u00e9pondre aux exigences Depuis ses d\u00e9buts, Zone Technologie travaille avec les villes et les municipalit\u00e9s dans le but bien pr\u00e9cis de r\u00e9pondre a leurs exigences. Au fil des ann\u00e9es, nous avons effectu\u00e9 des contrats d\u2019envergures qui ont contribu\u00e9 \u00e0 notre renomm\u00e9e et rassur\u00e9 les donneurs d\u2019ordre. Contactez-nous Que ce soit Remplir les devis techniques et [&hellip;]<\/p>\n","protected":false},"author":1,"featured_media":0,"parent":18,"menu_order":0,"comment_status":"closed","ping_status":"closed","template":"","meta":[],"acf":[],"yoast_head":"<!-- This site is optimized with the Yoast SEO plugin v21.8 - https:\/\/yoast.com\/wordpress\/plugins\/seo\/ -->\n<title>Villes et municipalit\u00e9s - Zone Technologie \u00c9lectronique Inc.<\/title>\n<meta name=\"description\" content=\"R\u00e9pondre aux exigences Depuis ses d\u00e9buts, Zone Technologie travaille avec les villes et les municipalit\u00e9s dans le but bien pr\u00e9cis de r\u00e9pondre a leurs\" \/>\n<meta name=\"robots\" content=\"index, follow, max-snippet:-1, max-image-preview:large, max-video-preview:-1\" \/>\n<link rel=\"canonical\" href=\"https:\/\/www.zonetechnologie.com\/fr\/marches\/villes-et-municipalites\/\" \/>\n<meta property=\"og:locale\" content=\"fr_CA\" \/>\n<meta property=\"og:type\" content=\"article\" \/>\n<meta property=\"og:title\" content=\"Villes et municipalit\u00e9s - Zone Technologie \u00c9lectronique Inc.\" \/>\n<meta property=\"og:description\" content=\"R\u00e9pondre aux exigences Depuis ses d\u00e9buts, Zone Technologie travaille avec les villes et les municipalit\u00e9s dans le but bien pr\u00e9cis de r\u00e9pondre a leurs\" \/>\n<meta property=\"og:url\" content=\"https:\/\/www.zonetechnologie.com\/fr\/marches\/villes-et-municipalites\/\" \/>\n<meta property=\"og:site_name\" content=\"Zone Technologie \u00c9lectronique Inc.\" \/>\n<meta property=\"article:modified_time\" content=\"2021-01-12T16:07:40+00:00\" \/>\n<meta property=\"og:image\" content=\"https:\/\/www.zonetechnologie.com\/wp-content\/uploads\/2020\/10\/camoin-gratte-benne-768x514.jpg\" \/>\n<meta name=\"twitter:card\" content=\"summary_large_image\" \/>\n<script type=\"application\/ld+json\" class=\"yoast-schema-graph\">{\"@context\":\"https:\/\/schema.org\",\"@graph\":[{\"@type\":\"WebPage\",\"@id\":\"https:\/\/www.zonetechnologie.com\/fr\/marches\/villes-et-municipalites\/\",\"url\":\"https:\/\/www.zonetechnologie.com\/fr\/marches\/villes-et-municipalites\/\",\"name\":\"Villes et municipalit\u00e9s - Zone Technologie \u00c9lectronique Inc.\",\"isPartOf\":{\"@id\":\"https:\/\/www.zonetechnologie.com\/fr\/#website\"},\"datePublished\":\"2020-02-27T20:07:42+00:00\",\"dateModified\":\"2021-01-12T16:07:40+00:00\",\"description\":\"R\u00e9pondre aux exigences Depuis ses d\u00e9buts, Zone Technologie travaille avec les villes et les municipalit\u00e9s dans le but bien pr\u00e9cis de r\u00e9pondre a leurs\",\"breadcrumb\":{\"@id\":\"https:\/\/www.zonetechnologie.com\/fr\/marches\/villes-et-municipalites\/#breadcrumb\"},\"inLanguage\":\"fr-CA\",\"potentialAction\":[{\"@type\":\"ReadAction\",\"target\":[\"https:\/\/www.zonetechnologie.com\/fr\/marches\/villes-et-municipalites\/\"]}]},{\"@type\":\"BreadcrumbList\",\"@id\":\"https:\/\/www.zonetechnologie.com\/fr\/marches\/villes-et-municipalites\/#breadcrumb\",\"itemListElement\":[{\"@type\":\"ListItem\",\"position\":1,\"name\":\"Accueil\",\"item\":\"https:\/\/www.zonetechnologie.com\/fr\/\"},{\"@type\":\"ListItem\",\"position\":2,\"name\":\"March\u00e9s\",\"item\":\"https:\/\/www.zonetechnologie.com\/fr\/marches\/\"},{\"@type\":\"ListItem\",\"position\":3,\"name\":\"Villes et municipalit\u00e9s\"}]},{\"@type\":\"WebSite\",\"@id\":\"https:\/\/www.zonetechnologie.com\/fr\/#website\",\"url\":\"https:\/\/www.zonetechnologie.com\/fr\/\",\"name\":\"Zone Technologie \u00c9lectronique Inc.\",\"description\":\"Innovation en mouvement\",\"publisher\":{\"@id\":\"https:\/\/www.zonetechnologie.com\/fr\/#organization\"},\"potentialAction\":[{\"@type\":\"SearchAction\",\"target\":{\"@type\":\"EntryPoint\",\"urlTemplate\":\"https:\/\/www.zonetechnologie.com\/fr\/?s={search_term_string}\"},\"query-input\":\"required name=search_term_string\"}],\"inLanguage\":\"fr-CA\"},{\"@type\":\"Organization\",\"@id\":\"https:\/\/www.zonetechnologie.com\/fr\/#organization\",\"name\":\"Zone Technologie\",\"url\":\"https:\/\/www.zonetechnologie.com\/fr\/\",\"logo\":{\"@type\":\"ImageObject\",\"inLanguage\":\"fr-CA\",\"@id\":\"https:\/\/www.zonetechnologie.com\/fr\/#\/schema\/logo\/image\/\",\"url\":\"https:\/\/www.zonetechnologie.com\/wp-content\/uploads\/2020\/02\/zone_favicon.png\",\"contentUrl\":\"https:\/\/www.zonetechnologie.com\/wp-content\/uploads\/2020\/02\/zone_favicon.png\",\"width\":531,\"height\":531,\"caption\":\"Zone Technologie\"},\"image\":{\"@id\":\"https:\/\/www.zonetechnologie.com\/fr\/#\/schema\/logo\/image\/\"}}]}<\/script>\n<!-- \/ Yoast SEO plugin. -->","yoast_head_json":{"title":"Villes et municipalit\u00e9s - Zone Technologie \u00c9lectronique Inc.","description":"R\u00e9pondre aux exigences Depuis ses d\u00e9buts, Zone Technologie travaille avec les villes et les municipalit\u00e9s dans le but bien pr\u00e9cis de r\u00e9pondre a leurs","robots":{"index":"index","follow":"follow","max-snippet":"max-snippet:-1","max-image-preview":"max-image-preview:large","max-video-preview":"max-video-preview:-1"},"canonical":"https:\/\/www.zonetechnologie.com\/fr\/marches\/villes-et-municipalites\/","og_locale":"fr_CA","og_type":"article","og_title":"Villes et municipalit\u00e9s - Zone Technologie \u00c9lectronique Inc.","og_description":"R\u00e9pondre aux exigences Depuis ses d\u00e9buts, Zone Technologie travaille avec les villes et les municipalit\u00e9s dans le but bien pr\u00e9cis de r\u00e9pondre a leurs","og_url":"https:\/\/www.zonetechnologie.com\/fr\/marches\/villes-et-municipalites\/","og_site_name":"Zone Technologie \u00c9lectronique Inc.","article_modified_time":"2021-01-12T16:07:40+00:00","og_image":[{"url":"https:\/\/www.zonetechnologie.com\/wp-content\/uploads\/2020\/10\/camoin-gratte-benne-768x514.jpg"}],"twitter_card":"summary_large_image","schema":{"@context":"https:\/\/schema.org","@graph":[{"@type":"WebPage","@id":"https:\/\/www.zonetechnologie.com\/fr\/marches\/villes-et-municipalites\/","url":"https:\/\/www.zonetechnologie.com\/fr\/marches\/villes-et-municipalites\/","name":"Villes et municipalit\u00e9s - Zone Technologie \u00c9lectronique Inc.","isPartOf":{"@id":"https:\/\/www.zonetechnologie.com\/fr\/#website"},"datePublished":"2020-02-27T20:07:42+00:00","dateModified":"2021-01-12T16:07:40+00:00","description":"R\u00e9pondre aux exigences Depuis ses d\u00e9buts, Zone Technologie travaille avec les villes et les municipalit\u00e9s dans le but bien pr\u00e9cis de r\u00e9pondre a leurs","breadcrumb":{"@id":"https:\/\/www.zonetechnologie.com\/fr\/marches\/villes-et-municipalites\/#breadcrumb"},"inLanguage":"fr-CA","potentialAction":[{"@type":"ReadAction","target":["https:\/\/www.zonetechnologie.com\/fr\/marches\/villes-et-municipalites\/"]}]},{"@type":"BreadcrumbList","@id":"https:\/\/www.zonetechnologie.com\/fr\/marches\/villes-et-municipalites\/#breadcrumb","itemListElement":[{"@type":"ListItem","position":1,"name":"Accueil","item":"https:\/\/www.zonetechnologie.com\/fr\/"},{"@type":"ListItem","position":2,"name":"March\u00e9s","item":"https:\/\/www.zonetechnologie.com\/fr\/marches\/"},{"@type":"ListItem","position":3,"name":"Villes et municipalit\u00e9s"}]},{"@type":"WebSite","@id":"https:\/\/www.zonetechnologie.com\/fr\/#website","url":"https:\/\/www.zonetechnologie.com\/fr\/","name":"Zone Technologie \u00c9lectronique Inc.","description":"Innovation en mouvement","publisher":{"@id":"https:\/\/www.zonetechnologie.com\/fr\/#organization"},"potentialAction":[{"@type":"SearchAction","target":{"@type":"EntryPoint","urlTemplate":"https:\/\/www.zonetechnologie.com\/fr\/?s={search_term_string}"},"query-input":"required name=search_term_string"}],"inLanguage":"fr-CA"},{"@type":"Organization","@id":"https:\/\/www.zonetechnologie.com\/fr\/#organization","name":"Zone Technologie","url":"https:\/\/www.zonetechnologie.com\/fr\/","logo":{"@type":"ImageObject","inLanguage":"fr-CA","@id":"https:\/\/www.zonetechnologie.com\/fr\/#\/schema\/logo\/image\/","url":"https:\/\/www.zonetechnologie.com\/wp-content\/uploads\/2020\/02\/zone_favicon.png","contentUrl":"https:\/\/www.zonetechnologie.com\/wp-content\/uploads\/2020\/02\/zone_favicon.png","width":531,"height":531,"caption":"Zone Technologie"},"image":{"@id":"https:\/\/www.zonetechnologie.com\/fr\/#\/schema\/logo\/image\/"}}]}},"_links":{"self":[{"href":"https:\/\/www.zonetechnologie.com\/fr\/wp-json\/wp\/v2\/pages\/251"}],"collection":[{"href":"https:\/\/www.zonetechnologie.com\/fr\/wp-json\/wp\/v2\/pages"}],"about":[{"href":"https:\/\/www.zonetechnologie.com\/fr\/wp-json\/wp\/v2\/types\/page"}],"author":[{"embeddable":true,"href":"https:\/\/www.zonetechnologie.com\/fr\/wp-json\/wp\/v2\/users\/1"}],"replies":[{"embeddable":true,"href":"https:\/\/www.zonetechnologie.com\/fr\/wp-json\/wp\/v2\/comments?post=251"}],"version-history":[{"count":9,"href":"https:\/\/www.zonetechnologie.com\/fr\/wp-json\/wp\/v2\/pages\/251\/revisions"}],"predecessor-version":[{"id":5088,"href":"https:\/\/www.zonetechnologie.com\/fr\/wp-json\/wp\/v2\/pages\/251\/revisions\/5088"}],"up":[{"embeddable":true,"href":"https:\/\/www.zonetechnologie.com\/fr\/wp-json\/wp\/v2\/pages\/18"}],"wp:attachment":[{"href":"https:\/\/www.zonetechnologie.com\/fr\/wp-json\/wp\/v2\/media?parent=251"}],"curies":[{"name":"wp","href":"https:\/\/api.w.org\/{rel}","templated":true}]}}