{"id":22,"date":"2020-02-25T15:30:44","date_gmt":"2020-02-25T20:30:44","guid":{"rendered":"https:\/\/www.zonetechnologie.com\/?page_id=22"},"modified":"2022-12-06T17:03:26","modified_gmt":"2022-12-06T22:03:26","slug":"a-propos","status":"publish","type":"page","link":"https:\/\/www.zonetechnologie.com\/fr\/a-propos\/","title":{"rendered":"\u00c0 propos"},"content":{"rendered":"\t\t<div data-elementor-type=\"wp-page\" data-elementor-id=\"22\" class=\"elementor elementor-22\">\n\t\t\t\t\t\t\t\t\t<section class=\"elementor-section elementor-top-section elementor-element elementor-element-54f14ca elementor-section-boxed elementor-section-height-default elementor-section-height-default\" data-id=\"54f14ca\" data-element_type=\"section\">\n\t\t\t\t\t\t<div class=\"elementor-container elementor-column-gap-default\">\n\t\t\t\t\t<div class=\"elementor-column elementor-col-50 elementor-top-column elementor-element elementor-element-ef64738\" data-id=\"ef64738\" data-element_type=\"column\">\n\t\t\t<div class=\"elementor-widget-wrap elementor-element-populated\">\n\t\t\t\t\t\t\t\t<div class=\"elementor-element elementor-element-c79fa6f elementor-widget elementor-widget-heading\" data-id=\"c79fa6f\" data-element_type=\"widget\" data-widget_type=\"heading.default\">\n\t\t\t\t<div class=\"elementor-widget-container\">\n\t\t\t<h2 class=\"elementor-heading-title elementor-size-default\">Notre <br>histoire<\/h2>\t\t<\/div>\n\t\t\t\t<\/div>\n\t\t\t\t\t<\/div>\n\t\t<\/div>\n\t\t\t\t<div class=\"elementor-column elementor-col-50 elementor-top-column elementor-element elementor-element-7ad83ea\" data-id=\"7ad83ea\" data-element_type=\"column\">\n\t\t\t<div class=\"elementor-widget-wrap elementor-element-populated\">\n\t\t\t\t\t\t\t\t<div class=\"elementor-element elementor-element-decec2c elementor-widget elementor-widget-text-editor\" data-id=\"decec2c\" data-element_type=\"widget\" data-widget_type=\"text-editor.default\">\n\t\t\t\t<div class=\"elementor-widget-container\">\n\t\t\t\t\t\t\t<p>Important fabricant et int\u00e9grateur dans l\u2019industrie technologique, Zone Technologie \u00c9lectronique est une force vive dans la conception, la distribution et l\u2019installation de produits novateurs et de technologies de pointe pour les v\u00e9hicules d\u2019urgences et de services.<\/p><p>L\u2019entreprise, bas\u00e9e dans le quartier industriel de la ville de Chambly, a su \u00e9tablir une solide r\u00e9putation de pr\u00e9cision et de qualit\u00e9 dans son domaine.<\/p>\t\t\t\t\t\t<\/div>\n\t\t\t\t<\/div>\n\t\t\t\t\t<\/div>\n\t\t<\/div>\n\t\t\t\t\t\t\t<\/div>\n\t\t<\/section>\n\t\t\t\t<section class=\"elementor-section elementor-top-section elementor-element elementor-element-31763ed elementor-section-boxed elementor-section-height-default elementor-section-height-default\" data-id=\"31763ed\" data-element_type=\"section\">\n\t\t\t\t\t\t<div class=\"elementor-container elementor-column-gap-default\">\n\t\t\t\t\t<div class=\"elementor-column elementor-col-50 elementor-top-column elementor-element elementor-element-0c18e33\" data-id=\"0c18e33\" data-element_type=\"column\">\n\t\t\t<div class=\"elementor-widget-wrap elementor-element-populated\">\n\t\t\t\t\t\t\t\t<div class=\"elementor-element elementor-element-d73dafd elementor-widget elementor-widget-heading\" data-id=\"d73dafd\" data-element_type=\"widget\" data-widget_type=\"heading.default\">\n\t\t\t\t<div class=\"elementor-widget-container\">\n\t\t\t<h3 class=\"elementor-heading-title elementor-size-default\">Exp\u00e9rience et connaissance<\/h3>\t\t<\/div>\n\t\t\t\t<\/div>\n\t\t\t\t<div class=\"elementor-element elementor-element-c691259 elementor-widget elementor-widget-text-editor\" data-id=\"c691259\" data-element_type=\"widget\" data-widget_type=\"text-editor.default\">\n\t\t\t\t<div class=\"elementor-widget-container\">\n\t\t\t\t\t\t\t<p>Zone Technologie offre \u00e0 ses clients des produits et des services de haute qualit\u00e9 avec une fiabilit\u00e9 surpassant les standards de l\u2019industrie. Pour y parvenir, elle s\u2019appuie sur une \u00e9quipe exceptionnelle, fi\u00e8re et consciente des enjeux en ce qui concerne la s\u00e9curit\u00e9 routi\u00e8re.<\/p><p>Nos d\u00e9partements d&#8217;ing\u00e9nieurs en \u00e9lectronique et m\u00e9canique nous permettent de r\u00e9pondre \u00e0 toutes les demandes et de proposer des solutions aux besoins sp\u00e9cifiques et complexes de nos clients.<\/p><p>Mathias Bordage est le pr\u00e9sident et actionnaire de cette entreprise qu\u00e9b\u00e9coise fleurissante. Il a pour objectif d\u2019offrir des produits de qualit\u00e9 exc\u00e9dant les standards de notre industrie et d\u2019\u00e9tablir des relations de confiance qui s\u2019inscrivent dans la dur\u00e9e. L\u2019entreprise a \u00e9t\u00e9 fond\u00e9e en 1997 par M. Yvon Dupuis et M. Fran\u00e7ois Otis qui partageaient ces m\u00eames valeurs.<\/p>\t\t\t\t\t\t<\/div>\n\t\t\t\t<\/div>\n\t\t\t\t\t<\/div>\n\t\t<\/div>\n\t\t\t\t<div class=\"elementor-column elementor-col-50 elementor-top-column elementor-element elementor-element-428c851\" data-id=\"428c851\" data-element_type=\"column\">\n\t\t\t<div class=\"elementor-widget-wrap elementor-element-populated\">\n\t\t\t\t\t\t\t\t<div class=\"elementor-element elementor-element-0ff2d9d elementor-widget elementor-widget-image\" data-id=\"0ff2d9d\" data-element_type=\"widget\" data-widget_type=\"image.default\">\n\t\t\t\t<div class=\"elementor-widget-container\">\n\t\t\t\t\t\t\t\t\t\t\t\t\t\t\t<img decoding=\"async\" width=\"768\" height=\"512\" src=\"data:image\/gif;base64,R0lGODlhAQABAAAAACH5BAEKAAEALAAAAAABAAEAAAICTAEAOw==\" class=\"attachment-medium_large size-medium_large wp-image-321 lazyload\" alt=\"\" loading=\"lazy\" sizes=\"(max-width: 768px) 100vw, 768px\" data-src=\"https:\/\/www.zonetechnologie.com\/wp-content\/uploads\/2020\/02\/employe-zonetech-768x512.png\" data-srcset=\"https:\/\/www.zonetechnologie.com\/wp-content\/uploads\/2020\/02\/employe-zonetech-768x512.png 768w, https:\/\/www.zonetechnologie.com\/wp-content\/uploads\/2020\/02\/employe-zonetech-300x200.png 300w, https:\/\/www.zonetechnologie.com\/wp-content\/uploads\/2020\/02\/employe-zonetech-150x100.png 150w, https:\/\/www.zonetechnologie.com\/wp-content\/uploads\/2020\/02\/employe-zonetech.png 800w\">\t\t\t\t\t\t\t\t\t\t\t\t\t\t\t<\/div>\n\t\t\t\t<\/div>\n\t\t\t\t\t<\/div>\n\t\t<\/div>\n\t\t\t\t\t\t\t<\/div>\n\t\t<\/section>\n\t\t\t\t<section class=\"elementor-section elementor-top-section elementor-element elementor-element-efaf3f1 elementor-section-height-min-height elementor-section-stretched elementor-section-boxed elementor-section-height-default elementor-section-items-middle\" data-id=\"efaf3f1\" data-element_type=\"section\" data-settings=\"{&quot;background_background&quot;:&quot;classic&quot;,&quot;stretch_section&quot;:&quot;section-stretched&quot;}\">\n\t\t\t\t\t\t\t<div class=\"elementor-background-overlay\"><\/div>\n\t\t\t\t\t\t\t<div class=\"elementor-container elementor-column-gap-default\">\n\t\t\t\t\t<div class=\"elementor-column elementor-col-100 elementor-top-column elementor-element elementor-element-b3015f0\" data-id=\"b3015f0\" data-element_type=\"column\">\n\t\t\t<div class=\"elementor-widget-wrap elementor-element-populated\">\n\t\t\t\t\t\t\t\t<div class=\"elementor-element elementor-element-eb83872 elementor-widget elementor-widget-heading\" data-id=\"eb83872\" data-element_type=\"widget\" data-widget_type=\"heading.default\">\n\t\t\t\t<div class=\"elementor-widget-container\">\n\t\t\t<span class=\"elementor-heading-title elementor-size-default\">Faire affaire avec Zone Technologie c\u2019est avoir la tranquillit\u00e9 d\u2019esprit que votre\u00a0projet sera r\u00e9alis\u00e9 dans les\u00a0temps, avec pr\u00e9cision et professionnalisme.\n<br><br>\nD\u00e9marquez-vous sur la route avec Zone Technologie.<\/span>\t\t<\/div>\n\t\t\t\t<\/div>\n\t\t\t\t\t<\/div>\n\t\t<\/div>\n\t\t\t\t\t\t\t<\/div>\n\t\t<\/section>\n\t\t\t\t<section class=\"elementor-section elementor-top-section elementor-element elementor-element-cd5d482 elementor-reverse-tablet elementor-reverse-mobile elementor-section-boxed elementor-section-height-default elementor-section-height-default\" data-id=\"cd5d482\" data-element_type=\"section\">\n\t\t\t\t\t\t<div class=\"elementor-container elementor-column-gap-default\">\n\t\t\t\t\t<div class=\"elementor-column elementor-col-50 elementor-top-column elementor-element elementor-element-8f0caa8\" data-id=\"8f0caa8\" data-element_type=\"column\">\n\t\t\t<div class=\"elementor-widget-wrap elementor-element-populated\">\n\t\t\t\t\t\t\t\t<div class=\"elementor-element elementor-element-d9a4ac1 elementor-widget elementor-widget-image\" data-id=\"d9a4ac1\" data-element_type=\"widget\" data-widget_type=\"image.default\">\n\t\t\t\t<div class=\"elementor-widget-container\">\n\t\t\t\t\t\t\t\t\t\t\t\t\t\t\t<img decoding=\"async\" width=\"768\" height=\"511\" src=\"data:image\/gif;base64,R0lGODlhAQABAAAAACH5BAEKAAEALAAAAAABAAEAAAICTAEAOw==\" class=\"attachment-medium_large size-medium_large wp-image-4643 lazyload\" alt=\"\" loading=\"lazy\" sizes=\"(max-width: 768px) 100vw, 768px\" data-src=\"https:\/\/www.zonetechnologie.com\/wp-content\/uploads\/2020\/11\/mission-and-vision-768x511.jpg\" data-srcset=\"https:\/\/www.zonetechnologie.com\/wp-content\/uploads\/2020\/11\/mission-and-vision-768x511.jpg 768w, https:\/\/www.zonetechnologie.com\/wp-content\/uploads\/2020\/11\/mission-and-vision-300x200.jpg 300w, https:\/\/www.zonetechnologie.com\/wp-content\/uploads\/2020\/11\/mission-and-vision-150x100.jpg 150w, https:\/\/www.zonetechnologie.com\/wp-content\/uploads\/2020\/11\/mission-and-vision.jpg 849w\">\t\t\t\t\t\t\t\t\t\t\t\t\t\t\t<\/div>\n\t\t\t\t<\/div>\n\t\t\t\t\t<\/div>\n\t\t<\/div>\n\t\t\t\t<div class=\"elementor-column elementor-col-50 elementor-top-column elementor-element elementor-element-1943f20\" data-id=\"1943f20\" data-element_type=\"column\">\n\t\t\t<div class=\"elementor-widget-wrap elementor-element-populated\">\n\t\t\t\t\t\t\t\t<div class=\"elementor-element elementor-element-2b94adf elementor-widget elementor-widget-heading\" data-id=\"2b94adf\" data-element_type=\"widget\" data-widget_type=\"heading.default\">\n\t\t\t\t<div class=\"elementor-widget-container\">\n\t\t\t<h3 class=\"elementor-heading-title elementor-size-default\">Notre vision et notre mission<\/h3>\t\t<\/div>\n\t\t\t\t<\/div>\n\t\t\t\t<div class=\"elementor-element elementor-element-e134aba elementor-widget elementor-widget-text-editor\" data-id=\"e134aba\" data-element_type=\"widget\" data-widget_type=\"text-editor.default\">\n\t\t\t\t<div class=\"elementor-widget-container\">\n\t\t\t\t\t\t\t<p>La mission de Zone Technologie est d\u2019\u00eatre le chef de file canadien en technologies v\u00e9hiculaires d\u2019urgence, de service et de s\u00e9curit\u00e9 pour tous les types de v\u00e9hicules. C\u2019est en offrant un service de qualit\u00e9 et personnalis\u00e9 \u00e0 ses clients et en r\u00e9pondant \u00e0 chacune des demandes avec honn\u00eatet\u00e9 et fiabilit\u00e9 qu\u2018elle y parvient.<\/p><p>Zone Technologie \u00c9lectronique aborde le virage de l\u2019\u00e9lectrification des v\u00e9hicules avec un tr\u00e8s grand enthousiasme. Ses d\u00e9partements m\u00e9tal et ing\u00e9nierie sont des \u00e9l\u00e9ments clefs dans l`\u00e9laboration de nouvelles solutions qui r\u00e9pondent aux besoins sp\u00e9cifiques des v\u00e9hicules \u00e9lectriques.<\/p><p>Apr\u00e8s 25 ans, Zone Technologie se tourne fermement vers l\u2018avenir afin de continuer \u00e0 offrir des solutions novatrices.<\/p>\t\t\t\t\t\t<\/div>\n\t\t\t\t<\/div>\n\t\t\t\t\t<\/div>\n\t\t<\/div>\n\t\t\t\t\t\t\t<\/div>\n\t\t<\/section>\n\t\t\t\t\t\t\t<\/div>\n\t\t","protected":false},"excerpt":{"rendered":"<p>Notre histoire Important fabricant et int\u00e9grateur dans l\u2019industrie technologique, Zone Technologie \u00c9lectronique est une force vive dans la conception, la distribution et l\u2019installation de produits novateurs et de technologies de pointe pour les v\u00e9hicules d\u2019urgences et de services. L\u2019entreprise, bas\u00e9e dans le quartier industriel de la ville de Chambly, a su \u00e9tablir une solide r\u00e9putation [&hellip;]<\/p>\n","protected":false},"author":1,"featured_media":300,"parent":0,"menu_order":0,"comment_status":"closed","ping_status":"closed","template":"","meta":[],"acf":[],"yoast_head":"<!-- This site is optimized with the Yoast SEO plugin v21.8 - https:\/\/yoast.com\/wordpress\/plugins\/seo\/ -->\n<title>\u00c0 propos - Zone Technologie \u00c9lectronique Inc.<\/title>\n<meta name=\"description\" content=\"Notre histoire Important fabricant et int\u00e9grateur dans l\u2019industrie technologique, Zone Technologie \u00c9lectronique est une force vive dans la conception, la\" \/>\n<meta name=\"robots\" content=\"index, follow, max-snippet:-1, max-image-preview:large, max-video-preview:-1\" \/>\n<link rel=\"canonical\" href=\"https:\/\/www.zonetechnologie.com\/fr\/a-propos\/\" \/>\n<meta property=\"og:locale\" content=\"fr_CA\" \/>\n<meta property=\"og:type\" content=\"article\" \/>\n<meta property=\"og:title\" content=\"\u00c0 propos - Zone Technologie \u00c9lectronique Inc.\" \/>\n<meta property=\"og:description\" content=\"Notre histoire Important fabricant et int\u00e9grateur dans l\u2019industrie technologique, Zone Technologie \u00c9lectronique est une force vive dans la conception, la\" \/>\n<meta property=\"og:url\" content=\"https:\/\/www.zonetechnologie.com\/fr\/a-propos\/\" \/>\n<meta property=\"og:site_name\" content=\"Zone Technologie \u00c9lectronique Inc.\" \/>\n<meta property=\"article:modified_time\" content=\"2022-12-06T22:03:26+00:00\" \/>\n<meta property=\"og:image\" content=\"https:\/\/www.zonetechnologie.com\/wp-content\/uploads\/2020\/02\/zonetech-apropos.jpg\" \/>\n\t<meta property=\"og:image:width\" content=\"1920\" \/>\n\t<meta property=\"og:image:height\" content=\"1280\" \/>\n\t<meta property=\"og:image:type\" content=\"image\/jpeg\" \/>\n<meta name=\"twitter:card\" content=\"summary_large_image\" \/>\n<meta name=\"twitter:label1\" content=\"Estimation du temps de lecture\" \/>\n\t<meta name=\"twitter:data1\" content=\"3 minutes\" \/>\n<script type=\"application\/ld+json\" class=\"yoast-schema-graph\">{\"@context\":\"https:\/\/schema.org\",\"@graph\":[{\"@type\":\"WebPage\",\"@id\":\"https:\/\/www.zonetechnologie.com\/fr\/a-propos\/\",\"url\":\"https:\/\/www.zonetechnologie.com\/fr\/a-propos\/\",\"name\":\"\u00c0 propos - Zone Technologie \u00c9lectronique Inc.\",\"isPartOf\":{\"@id\":\"https:\/\/www.zonetechnologie.com\/fr\/#website\"},\"datePublished\":\"2020-02-25T20:30:44+00:00\",\"dateModified\":\"2022-12-06T22:03:26+00:00\",\"description\":\"Notre histoire Important fabricant et int\u00e9grateur dans l\u2019industrie technologique, Zone Technologie \u00c9lectronique est une force vive dans la conception, la\",\"breadcrumb\":{\"@id\":\"https:\/\/www.zonetechnologie.com\/fr\/a-propos\/#breadcrumb\"},\"inLanguage\":\"fr-CA\",\"potentialAction\":[{\"@type\":\"ReadAction\",\"target\":[\"https:\/\/www.zonetechnologie.com\/fr\/a-propos\/\"]}]},{\"@type\":\"BreadcrumbList\",\"@id\":\"https:\/\/www.zonetechnologie.com\/fr\/a-propos\/#breadcrumb\",\"itemListElement\":[{\"@type\":\"ListItem\",\"position\":1,\"name\":\"Accueil\",\"item\":\"https:\/\/www.zonetechnologie.com\/fr\/\"},{\"@type\":\"ListItem\",\"position\":2,\"name\":\"\u00c0 propos\"}]},{\"@type\":\"WebSite\",\"@id\":\"https:\/\/www.zonetechnologie.com\/fr\/#website\",\"url\":\"https:\/\/www.zonetechnologie.com\/fr\/\",\"name\":\"Zone Technologie \u00c9lectronique Inc.\",\"description\":\"Innovation en mouvement\",\"publisher\":{\"@id\":\"https:\/\/www.zonetechnologie.com\/fr\/#organization\"},\"potentialAction\":[{\"@type\":\"SearchAction\",\"target\":{\"@type\":\"EntryPoint\",\"urlTemplate\":\"https:\/\/www.zonetechnologie.com\/fr\/?s={search_term_string}\"},\"query-input\":\"required name=search_term_string\"}],\"inLanguage\":\"fr-CA\"},{\"@type\":\"Organization\",\"@id\":\"https:\/\/www.zonetechnologie.com\/fr\/#organization\",\"name\":\"Zone Technologie\",\"url\":\"https:\/\/www.zonetechnologie.com\/fr\/\",\"logo\":{\"@type\":\"ImageObject\",\"inLanguage\":\"fr-CA\",\"@id\":\"https:\/\/www.zonetechnologie.com\/fr\/#\/schema\/logo\/image\/\",\"url\":\"https:\/\/www.zonetechnologie.com\/wp-content\/uploads\/2020\/02\/zone_favicon.png\",\"contentUrl\":\"https:\/\/www.zonetechnologie.com\/wp-content\/uploads\/2020\/02\/zone_favicon.png\",\"width\":531,\"height\":531,\"caption\":\"Zone Technologie\"},\"image\":{\"@id\":\"https:\/\/www.zonetechnologie.com\/fr\/#\/schema\/logo\/image\/\"}}]}<\/script>\n<!-- \/ Yoast SEO plugin. -->","yoast_head_json":{"title":"\u00c0 propos - Zone Technologie \u00c9lectronique Inc.","description":"Notre histoire Important fabricant et int\u00e9grateur dans l\u2019industrie technologique, Zone Technologie \u00c9lectronique est une force vive dans la conception, la","robots":{"index":"index","follow":"follow","max-snippet":"max-snippet:-1","max-image-preview":"max-image-preview:large","max-video-preview":"max-video-preview:-1"},"canonical":"https:\/\/www.zonetechnologie.com\/fr\/a-propos\/","og_locale":"fr_CA","og_type":"article","og_title":"\u00c0 propos - Zone Technologie \u00c9lectronique Inc.","og_description":"Notre histoire Important fabricant et int\u00e9grateur dans l\u2019industrie technologique, Zone Technologie \u00c9lectronique est une force vive dans la conception, la","og_url":"https:\/\/www.zonetechnologie.com\/fr\/a-propos\/","og_site_name":"Zone Technologie \u00c9lectronique Inc.","article_modified_time":"2022-12-06T22:03:26+00:00","og_image":[{"width":1920,"height":1280,"url":"https:\/\/www.zonetechnologie.com\/wp-content\/uploads\/2020\/02\/zonetech-apropos.jpg","type":"image\/jpeg"}],"twitter_card":"summary_large_image","twitter_misc":{"Estimation du temps de lecture":"3 minutes"},"schema":{"@context":"https:\/\/schema.org","@graph":[{"@type":"WebPage","@id":"https:\/\/www.zonetechnologie.com\/fr\/a-propos\/","url":"https:\/\/www.zonetechnologie.com\/fr\/a-propos\/","name":"\u00c0 propos - Zone Technologie \u00c9lectronique Inc.","isPartOf":{"@id":"https:\/\/www.zonetechnologie.com\/fr\/#website"},"datePublished":"2020-02-25T20:30:44+00:00","dateModified":"2022-12-06T22:03:26+00:00","description":"Notre histoire Important fabricant et int\u00e9grateur dans l\u2019industrie technologique, Zone Technologie \u00c9lectronique est une force vive dans la conception, la","breadcrumb":{"@id":"https:\/\/www.zonetechnologie.com\/fr\/a-propos\/#breadcrumb"},"inLanguage":"fr-CA","potentialAction":[{"@type":"ReadAction","target":["https:\/\/www.zonetechnologie.com\/fr\/a-propos\/"]}]},{"@type":"BreadcrumbList","@id":"https:\/\/www.zonetechnologie.com\/fr\/a-propos\/#breadcrumb","itemListElement":[{"@type":"ListItem","position":1,"name":"Accueil","item":"https:\/\/www.zonetechnologie.com\/fr\/"},{"@type":"ListItem","position":2,"name":"\u00c0 propos"}]},{"@type":"WebSite","@id":"https:\/\/www.zonetechnologie.com\/fr\/#website","url":"https:\/\/www.zonetechnologie.com\/fr\/","name":"Zone Technologie \u00c9lectronique Inc.","description":"Innovation en mouvement","publisher":{"@id":"https:\/\/www.zonetechnologie.com\/fr\/#organization"},"potentialAction":[{"@type":"SearchAction","target":{"@type":"EntryPoint","urlTemplate":"https:\/\/www.zonetechnologie.com\/fr\/?s={search_term_string}"},"query-input":"required name=search_term_string"}],"inLanguage":"fr-CA"},{"@type":"Organization","@id":"https:\/\/www.zonetechnologie.com\/fr\/#organization","name":"Zone Technologie","url":"https:\/\/www.zonetechnologie.com\/fr\/","logo":{"@type":"ImageObject","inLanguage":"fr-CA","@id":"https:\/\/www.zonetechnologie.com\/fr\/#\/schema\/logo\/image\/","url":"https:\/\/www.zonetechnologie.com\/wp-content\/uploads\/2020\/02\/zone_favicon.png","contentUrl":"https:\/\/www.zonetechnologie.com\/wp-content\/uploads\/2020\/02\/zone_favicon.png","width":531,"height":531,"caption":"Zone Technologie"},"image":{"@id":"https:\/\/www.zonetechnologie.com\/fr\/#\/schema\/logo\/image\/"}}]}},"_links":{"self":[{"href":"https:\/\/www.zonetechnologie.com\/fr\/wp-json\/wp\/v2\/pages\/22"}],"collection":[{"href":"https:\/\/www.zonetechnologie.com\/fr\/wp-json\/wp\/v2\/pages"}],"about":[{"href":"https:\/\/www.zonetechnologie.com\/fr\/wp-json\/wp\/v2\/types\/page"}],"author":[{"embeddable":true,"href":"https:\/\/www.zonetechnologie.com\/fr\/wp-json\/wp\/v2\/users\/1"}],"replies":[{"embeddable":true,"href":"https:\/\/www.zonetechnologie.com\/fr\/wp-json\/wp\/v2\/comments?post=22"}],"version-history":[{"count":10,"href":"https:\/\/www.zonetechnologie.com\/fr\/wp-json\/wp\/v2\/pages\/22\/revisions"}],"predecessor-version":[{"id":27485,"href":"https:\/\/www.zonetechnologie.com\/fr\/wp-json\/wp\/v2\/pages\/22\/revisions\/27485"}],"wp:featuredmedia":[{"embeddable":true,"href":"https:\/\/www.zonetechnologie.com\/fr\/wp-json\/wp\/v2\/media\/300"}],"wp:attachment":[{"href":"https:\/\/www.zonetechnologie.com\/fr\/wp-json\/wp\/v2\/media?parent=22"}],"curies":[{"name":"wp","href":"https:\/\/api.w.org\/{rel}","templated":true}]}}