{"id":185,"date":"2020-02-27T10:18:27","date_gmt":"2020-02-27T15:18:27","guid":{"rendered":"https:\/\/www.zonetechnologie.com\/?page_id=185"},"modified":"2021-01-14T20:23:44","modified_gmt":"2021-01-15T01:23:44","slug":"amenagement-sur-mesure","status":"publish","type":"page","link":"https:\/\/www.zonetechnologie.com\/fr\/services\/amenagement-sur-mesure\/","title":{"rendered":"Am\u00e9nagement sur mesure"},"content":{"rendered":"\t\t<div data-elementor-type=\"wp-page\" data-elementor-id=\"185\" class=\"elementor elementor-185\">\n\t\t\t\t\t\t\t\t\t<section class=\"elementor-section elementor-top-section elementor-element elementor-element-8ba6035 elementor-section-boxed elementor-section-height-default elementor-section-height-default\" data-id=\"8ba6035\" data-element_type=\"section\">\n\t\t\t\t\t\t<div class=\"elementor-container elementor-column-gap-default\">\n\t\t\t\t\t<div class=\"elementor-column elementor-col-50 elementor-top-column elementor-element elementor-element-5543462\" data-id=\"5543462\" data-element_type=\"column\">\n\t\t\t<div class=\"elementor-widget-wrap elementor-element-populated\">\n\t\t\t\t\t\t\t\t<div class=\"elementor-element elementor-element-f136985 elementor-widget elementor-widget-heading\" data-id=\"f136985\" data-element_type=\"widget\" data-widget_type=\"heading.default\">\n\t\t\t\t<div class=\"elementor-widget-container\">\n\t\t\t<h2 class=\"elementor-heading-title elementor-size-default\">Particulier <br>et adapt\u00e9<\/h2>\t\t<\/div>\n\t\t\t\t<\/div>\n\t\t\t\t\t<\/div>\n\t\t<\/div>\n\t\t\t\t<div class=\"elementor-column elementor-col-50 elementor-top-column elementor-element elementor-element-bd55643\" data-id=\"bd55643\" data-element_type=\"column\">\n\t\t\t<div class=\"elementor-widget-wrap elementor-element-populated\">\n\t\t\t\t\t\t\t\t<div class=\"elementor-element elementor-element-5e0a302 elementor-widget elementor-widget-text-editor\" data-id=\"5e0a302\" data-element_type=\"widget\" data-widget_type=\"text-editor.default\">\n\t\t\t\t<div class=\"elementor-widget-container\">\n\t\t\t\t\t\t\t<p>Vous recherchez un am\u00e9nagement particulier et sp\u00e9cifiquement adapt\u00e9 pour votre type de travail ? Vous voulez un am\u00e9nagement unique et adapt\u00e9 \u00e0 vos besoins. Nous sommes la r\u00e9f\u00e9rence dans le domaine des am\u00e9nagements sur mesure.<\/p>\t\t\t\t\t\t<\/div>\n\t\t\t\t<\/div>\n\t\t\t\t<div class=\"elementor-element elementor-element-e80f8a1 elementor-widget elementor-widget-button\" data-id=\"e80f8a1\" data-element_type=\"widget\" data-widget_type=\"button.default\">\n\t\t\t\t<div class=\"elementor-widget-container\">\n\t\t\t\t\t<div class=\"elementor-button-wrapper\">\n\t\t\t<a class=\"elementor-button elementor-button-link elementor-size-sm\" href=\"https:\/\/www.zonetechnologie.com\/fr\/contact\/\">\n\t\t\t\t\t\t<span class=\"elementor-button-content-wrapper\">\n\t\t\t\t\t\t<span class=\"elementor-button-text\">Contactez-nous<\/span>\n\t\t<\/span>\n\t\t\t\t\t<\/a>\n\t\t<\/div>\n\t\t\t\t<\/div>\n\t\t\t\t<\/div>\n\t\t\t\t\t<\/div>\n\t\t<\/div>\n\t\t\t\t\t\t\t<\/div>\n\t\t<\/section>\n\t\t\t\t<section class=\"elementor-section elementor-top-section elementor-element elementor-element-df6eb63 elementor-section-boxed elementor-section-height-default elementor-section-height-default\" data-id=\"df6eb63\" data-element_type=\"section\">\n\t\t\t\t\t\t<div class=\"elementor-container elementor-column-gap-default\">\n\t\t\t\t\t<div class=\"elementor-column elementor-col-50 elementor-top-column elementor-element elementor-element-f4c58ea\" data-id=\"f4c58ea\" data-element_type=\"column\">\n\t\t\t<div class=\"elementor-widget-wrap elementor-element-populated\">\n\t\t\t\t\t\t\t\t<div class=\"elementor-element elementor-element-0516a25 elementor-widget elementor-widget-heading\" data-id=\"0516a25\" data-element_type=\"widget\" data-widget_type=\"heading.default\">\n\t\t\t\t<div class=\"elementor-widget-container\">\n\t\t\t<h3 class=\"elementor-heading-title elementor-size-default\">Sur mesure<\/h3>\t\t<\/div>\n\t\t\t\t<\/div>\n\t\t\t\t<div class=\"elementor-element elementor-element-d367dee elementor-widget elementor-widget-text-editor\" data-id=\"d367dee\" data-element_type=\"widget\" data-widget_type=\"text-editor.default\">\n\t\t\t\t<div class=\"elementor-widget-container\">\n\t\t\t\t\t\t\t<ul>\n<li>Conceptions de nouveaux produits (R&amp;D).<\/li>\n<li>Conception d&#8217;am\u00e9nagement avec du m\u00e9tal en feuille.<\/li>\n<li>Service de design int\u00e9rieur.<\/li>\n<li>Services d&#8217;ing\u00e9nierie pour des concepts et des besoins uniques<\/li>\n<\/ul>\t\t\t\t\t\t<\/div>\n\t\t\t\t<\/div>\n\t\t\t\t\t<\/div>\n\t\t<\/div>\n\t\t\t\t<div class=\"elementor-column elementor-col-50 elementor-top-column elementor-element elementor-element-2ac8436\" data-id=\"2ac8436\" data-element_type=\"column\">\n\t\t\t<div class=\"elementor-widget-wrap\">\n\t\t\t\t\t\t\t\t\t<\/div>\n\t\t<\/div>\n\t\t\t\t\t\t\t<\/div>\n\t\t<\/section>\n\t\t\t\t\t\t\t<\/div>\n\t\t","protected":false},"excerpt":{"rendered":"<p>Particulier et adapt\u00e9 Vous recherchez un am\u00e9nagement particulier et sp\u00e9cifiquement adapt\u00e9 pour votre type de travail ? Vous voulez un am\u00e9nagement unique et adapt\u00e9 \u00e0 vos besoins. Nous sommes la r\u00e9f\u00e9rence dans le domaine des am\u00e9nagements sur mesure. Contactez-nous Sur mesure Conceptions de nouveaux produits (R&amp;D). Conception d&#8217;am\u00e9nagement avec du m\u00e9tal en feuille. Service de [&hellip;]<\/p>\n","protected":false},"author":1,"featured_media":0,"parent":13,"menu_order":0,"comment_status":"closed","ping_status":"closed","template":"","meta":[],"acf":[],"yoast_head":"<!-- This site is optimized with the Yoast SEO plugin v21.8 - https:\/\/yoast.com\/wordpress\/plugins\/seo\/ -->\n<title>Am\u00e9nagement sur mesure - Zone Technologie \u00c9lectronique Inc.<\/title>\n<meta name=\"description\" content=\"Particulier et adapt\u00e9 Vous recherchez un am\u00e9nagement particulier et sp\u00e9cifiquement adapt\u00e9 pour votre type de travail ? Vous voulez un am\u00e9nagement unique\" \/>\n<meta name=\"robots\" content=\"index, follow, max-snippet:-1, max-image-preview:large, max-video-preview:-1\" \/>\n<link rel=\"canonical\" href=\"https:\/\/www.zonetechnologie.com\/fr\/services\/amenagement-sur-mesure\/\" \/>\n<meta property=\"og:locale\" content=\"fr_CA\" \/>\n<meta property=\"og:type\" content=\"article\" \/>\n<meta property=\"og:title\" content=\"Am\u00e9nagement sur mesure - Zone Technologie \u00c9lectronique Inc.\" \/>\n<meta property=\"og:description\" content=\"Particulier et adapt\u00e9 Vous recherchez un am\u00e9nagement particulier et sp\u00e9cifiquement adapt\u00e9 pour votre type de travail ? Vous voulez un am\u00e9nagement unique\" \/>\n<meta property=\"og:url\" content=\"https:\/\/www.zonetechnologie.com\/fr\/services\/amenagement-sur-mesure\/\" \/>\n<meta property=\"og:site_name\" content=\"Zone Technologie \u00c9lectronique Inc.\" \/>\n<meta property=\"article:modified_time\" content=\"2021-01-15T01:23:44+00:00\" \/>\n<meta property=\"og:image\" content=\"https:\/\/www.zonetechnologie.com\/wp-content\/uploads\/2021\/01\/ZT08ms17-62GrapheStudio-150x100.jpg\" \/>\n<meta name=\"twitter:card\" content=\"summary_large_image\" \/>\n<script type=\"application\/ld+json\" class=\"yoast-schema-graph\">{\"@context\":\"https:\/\/schema.org\",\"@graph\":[{\"@type\":\"WebPage\",\"@id\":\"https:\/\/www.zonetechnologie.com\/fr\/services\/amenagement-sur-mesure\/\",\"url\":\"https:\/\/www.zonetechnologie.com\/fr\/services\/amenagement-sur-mesure\/\",\"name\":\"Am\u00e9nagement sur mesure - Zone Technologie \u00c9lectronique Inc.\",\"isPartOf\":{\"@id\":\"https:\/\/www.zonetechnologie.com\/fr\/#website\"},\"datePublished\":\"2020-02-27T15:18:27+00:00\",\"dateModified\":\"2021-01-15T01:23:44+00:00\",\"description\":\"Particulier et adapt\u00e9 Vous recherchez un am\u00e9nagement particulier et sp\u00e9cifiquement adapt\u00e9 pour votre type de travail ? Vous voulez un am\u00e9nagement unique\",\"breadcrumb\":{\"@id\":\"https:\/\/www.zonetechnologie.com\/fr\/services\/amenagement-sur-mesure\/#breadcrumb\"},\"inLanguage\":\"fr-CA\",\"potentialAction\":[{\"@type\":\"ReadAction\",\"target\":[\"https:\/\/www.zonetechnologie.com\/fr\/services\/amenagement-sur-mesure\/\"]}]},{\"@type\":\"BreadcrumbList\",\"@id\":\"https:\/\/www.zonetechnologie.com\/fr\/services\/amenagement-sur-mesure\/#breadcrumb\",\"itemListElement\":[{\"@type\":\"ListItem\",\"position\":1,\"name\":\"Accueil\",\"item\":\"https:\/\/www.zonetechnologie.com\/fr\/\"},{\"@type\":\"ListItem\",\"position\":2,\"name\":\"Services\",\"item\":\"https:\/\/www.zonetechnologie.com\/fr\/services\/\"},{\"@type\":\"ListItem\",\"position\":3,\"name\":\"Am\u00e9nagement sur mesure\"}]},{\"@type\":\"WebSite\",\"@id\":\"https:\/\/www.zonetechnologie.com\/fr\/#website\",\"url\":\"https:\/\/www.zonetechnologie.com\/fr\/\",\"name\":\"Zone Technologie \u00c9lectronique Inc.\",\"description\":\"Innovation en mouvement\",\"publisher\":{\"@id\":\"https:\/\/www.zonetechnologie.com\/fr\/#organization\"},\"potentialAction\":[{\"@type\":\"SearchAction\",\"target\":{\"@type\":\"EntryPoint\",\"urlTemplate\":\"https:\/\/www.zonetechnologie.com\/fr\/?s={search_term_string}\"},\"query-input\":\"required name=search_term_string\"}],\"inLanguage\":\"fr-CA\"},{\"@type\":\"Organization\",\"@id\":\"https:\/\/www.zonetechnologie.com\/fr\/#organization\",\"name\":\"Zone Technologie\",\"url\":\"https:\/\/www.zonetechnologie.com\/fr\/\",\"logo\":{\"@type\":\"ImageObject\",\"inLanguage\":\"fr-CA\",\"@id\":\"https:\/\/www.zonetechnologie.com\/fr\/#\/schema\/logo\/image\/\",\"url\":\"https:\/\/www.zonetechnologie.com\/wp-content\/uploads\/2020\/02\/zone_favicon.png\",\"contentUrl\":\"https:\/\/www.zonetechnologie.com\/wp-content\/uploads\/2020\/02\/zone_favicon.png\",\"width\":531,\"height\":531,\"caption\":\"Zone Technologie\"},\"image\":{\"@id\":\"https:\/\/www.zonetechnologie.com\/fr\/#\/schema\/logo\/image\/\"}}]}<\/script>\n<!-- \/ Yoast SEO plugin. -->","yoast_head_json":{"title":"Am\u00e9nagement sur mesure - Zone Technologie \u00c9lectronique Inc.","description":"Particulier et adapt\u00e9 Vous recherchez un am\u00e9nagement particulier et sp\u00e9cifiquement adapt\u00e9 pour votre type de travail ? Vous voulez un am\u00e9nagement unique","robots":{"index":"index","follow":"follow","max-snippet":"max-snippet:-1","max-image-preview":"max-image-preview:large","max-video-preview":"max-video-preview:-1"},"canonical":"https:\/\/www.zonetechnologie.com\/fr\/services\/amenagement-sur-mesure\/","og_locale":"fr_CA","og_type":"article","og_title":"Am\u00e9nagement sur mesure - Zone Technologie \u00c9lectronique Inc.","og_description":"Particulier et adapt\u00e9 Vous recherchez un am\u00e9nagement particulier et sp\u00e9cifiquement adapt\u00e9 pour votre type de travail ? Vous voulez un am\u00e9nagement unique","og_url":"https:\/\/www.zonetechnologie.com\/fr\/services\/amenagement-sur-mesure\/","og_site_name":"Zone Technologie \u00c9lectronique Inc.","article_modified_time":"2021-01-15T01:23:44+00:00","og_image":[{"url":"https:\/\/www.zonetechnologie.com\/wp-content\/uploads\/2021\/01\/ZT08ms17-62GrapheStudio-150x100.jpg"}],"twitter_card":"summary_large_image","schema":{"@context":"https:\/\/schema.org","@graph":[{"@type":"WebPage","@id":"https:\/\/www.zonetechnologie.com\/fr\/services\/amenagement-sur-mesure\/","url":"https:\/\/www.zonetechnologie.com\/fr\/services\/amenagement-sur-mesure\/","name":"Am\u00e9nagement sur mesure - Zone Technologie \u00c9lectronique Inc.","isPartOf":{"@id":"https:\/\/www.zonetechnologie.com\/fr\/#website"},"datePublished":"2020-02-27T15:18:27+00:00","dateModified":"2021-01-15T01:23:44+00:00","description":"Particulier et adapt\u00e9 Vous recherchez un am\u00e9nagement particulier et sp\u00e9cifiquement adapt\u00e9 pour votre type de travail ? Vous voulez un am\u00e9nagement unique","breadcrumb":{"@id":"https:\/\/www.zonetechnologie.com\/fr\/services\/amenagement-sur-mesure\/#breadcrumb"},"inLanguage":"fr-CA","potentialAction":[{"@type":"ReadAction","target":["https:\/\/www.zonetechnologie.com\/fr\/services\/amenagement-sur-mesure\/"]}]},{"@type":"BreadcrumbList","@id":"https:\/\/www.zonetechnologie.com\/fr\/services\/amenagement-sur-mesure\/#breadcrumb","itemListElement":[{"@type":"ListItem","position":1,"name":"Accueil","item":"https:\/\/www.zonetechnologie.com\/fr\/"},{"@type":"ListItem","position":2,"name":"Services","item":"https:\/\/www.zonetechnologie.com\/fr\/services\/"},{"@type":"ListItem","position":3,"name":"Am\u00e9nagement sur mesure"}]},{"@type":"WebSite","@id":"https:\/\/www.zonetechnologie.com\/fr\/#website","url":"https:\/\/www.zonetechnologie.com\/fr\/","name":"Zone Technologie \u00c9lectronique Inc.","description":"Innovation en mouvement","publisher":{"@id":"https:\/\/www.zonetechnologie.com\/fr\/#organization"},"potentialAction":[{"@type":"SearchAction","target":{"@type":"EntryPoint","urlTemplate":"https:\/\/www.zonetechnologie.com\/fr\/?s={search_term_string}"},"query-input":"required name=search_term_string"}],"inLanguage":"fr-CA"},{"@type":"Organization","@id":"https:\/\/www.zonetechnologie.com\/fr\/#organization","name":"Zone Technologie","url":"https:\/\/www.zonetechnologie.com\/fr\/","logo":{"@type":"ImageObject","inLanguage":"fr-CA","@id":"https:\/\/www.zonetechnologie.com\/fr\/#\/schema\/logo\/image\/","url":"https:\/\/www.zonetechnologie.com\/wp-content\/uploads\/2020\/02\/zone_favicon.png","contentUrl":"https:\/\/www.zonetechnologie.com\/wp-content\/uploads\/2020\/02\/zone_favicon.png","width":531,"height":531,"caption":"Zone Technologie"},"image":{"@id":"https:\/\/www.zonetechnologie.com\/fr\/#\/schema\/logo\/image\/"}}]}},"_links":{"self":[{"href":"https:\/\/www.zonetechnologie.com\/fr\/wp-json\/wp\/v2\/pages\/185"}],"collection":[{"href":"https:\/\/www.zonetechnologie.com\/fr\/wp-json\/wp\/v2\/pages"}],"about":[{"href":"https:\/\/www.zonetechnologie.com\/fr\/wp-json\/wp\/v2\/types\/page"}],"author":[{"embeddable":true,"href":"https:\/\/www.zonetechnologie.com\/fr\/wp-json\/wp\/v2\/users\/1"}],"replies":[{"embeddable":true,"href":"https:\/\/www.zonetechnologie.com\/fr\/wp-json\/wp\/v2\/comments?post=185"}],"version-history":[{"count":10,"href":"https:\/\/www.zonetechnologie.com\/fr\/wp-json\/wp\/v2\/pages\/185\/revisions"}],"predecessor-version":[{"id":5354,"href":"https:\/\/www.zonetechnologie.com\/fr\/wp-json\/wp\/v2\/pages\/185\/revisions\/5354"}],"up":[{"embeddable":true,"href":"https:\/\/www.zonetechnologie.com\/fr\/wp-json\/wp\/v2\/pages\/13"}],"wp:attachment":[{"href":"https:\/\/www.zonetechnologie.com\/fr\/wp-json\/wp\/v2\/media?parent=185"}],"curies":[{"name":"wp","href":"https:\/\/api.w.org\/{rel}","templated":true}]}}