{"id":181,"date":"2020-02-27T10:17:48","date_gmt":"2020-02-27T15:17:48","guid":{"rendered":"https:\/\/www.zonetechnologie.com\/?page_id=181"},"modified":"2026-03-30T11:19:26","modified_gmt":"2026-03-30T15:19:26","slug":"amenagement-standard","status":"publish","type":"page","link":"https:\/\/www.zonetechnologie.com\/fr\/services\/amenagement-standard\/","title":{"rendered":"Am\u00e9nagement standard"},"content":{"rendered":"\t\t<div data-elementor-type=\"wp-page\" data-elementor-id=\"181\" class=\"elementor elementor-181\">\n\t\t\t\t\t\t\t\t\t<section class=\"elementor-section elementor-top-section elementor-element elementor-element-6a9ebe02 elementor-section-boxed elementor-section-height-default elementor-section-height-default\" data-id=\"6a9ebe02\" data-element_type=\"section\">\n\t\t\t\t\t\t<div class=\"elementor-container elementor-column-gap-default\">\n\t\t\t\t\t<div class=\"elementor-column elementor-col-50 elementor-top-column elementor-element elementor-element-15ff7f67\" data-id=\"15ff7f67\" data-element_type=\"column\">\n\t\t\t<div class=\"elementor-widget-wrap elementor-element-populated\">\n\t\t\t\t\t\t\t\t<div class=\"elementor-element elementor-element-745758c elementor-widget elementor-widget-heading\" data-id=\"745758c\" data-element_type=\"widget\" data-widget_type=\"heading.default\">\n\t\t\t\t<div class=\"elementor-widget-container\">\n\t\t\t<h3 class=\"elementor-heading-title elementor-size-default\">Adapt\u00e9 \u00e0 vos besoins<\/h3>\t\t<\/div>\n\t\t\t\t<\/div>\n\t\t\t\t<div class=\"elementor-element elementor-element-27d1923d elementor-widget elementor-widget-text-editor\" data-id=\"27d1923d\" data-element_type=\"widget\" data-widget_type=\"text-editor.default\">\n\t\t\t\t<div class=\"elementor-widget-container\">\n\t\t\t\t\t\t\t<p>Nous vous offrons un ensemble d\u2019am\u00e9nagement sur mesure qui respectent vos besoins.<\/p>\t\t\t\t\t\t<\/div>\n\t\t\t\t<\/div>\n\t\t\t\t<div class=\"elementor-element elementor-element-e792c4d elementor-widget elementor-widget-text-editor\" data-id=\"e792c4d\" data-element_type=\"widget\" data-widget_type=\"text-editor.default\">\n\t\t\t\t<div class=\"elementor-widget-container\">\n\t\t\t\t\t\t\t<p><strong>Que vous soyez :<\/strong><\/p><ul><li>\u00c9lectricien<\/li><li>Contracteur<\/li><li>Bureau de travail<\/li><li>Plombier<\/li><li>Service de livraison<\/li><li>Chauffage, ventilation, unit\u00e9 de climatisation et bien plus encore<\/li><\/ul>\t\t\t\t\t\t<\/div>\n\t\t\t\t<\/div>\n\t\t\t\t\t<\/div>\n\t\t<\/div>\n\t\t\t\t<div class=\"elementor-column elementor-col-50 elementor-top-column elementor-element elementor-element-11ff9d13\" data-id=\"11ff9d13\" data-element_type=\"column\">\n\t\t\t<div class=\"elementor-widget-wrap\">\n\t\t\t\t\t\t\t\t\t<\/div>\n\t\t<\/div>\n\t\t\t\t\t\t\t<\/div>\n\t\t<\/section>\n\t\t\t\t\t\t\t<\/div>\n\t\t","protected":false},"excerpt":{"rendered":"<p>Adapt\u00e9 \u00e0 vos besoins Nous vous offrons un ensemble d\u2019am\u00e9nagement sur mesure qui respectent vos besoins. Que vous soyez : \u00c9lectricien Contracteur Bureau de travail Plombier Service de livraison Chauffage, ventilation, unit\u00e9 de climatisation et bien plus encore<\/p>\n","protected":false},"author":1,"featured_media":223,"parent":13,"menu_order":0,"comment_status":"closed","ping_status":"closed","template":"","meta":[],"acf":[],"yoast_head":"<!-- This site is optimized with the Yoast SEO plugin v21.8 - https:\/\/yoast.com\/wordpress\/plugins\/seo\/ -->\n<title>Am\u00e9nagement standard - Zone Technologie \u00c9lectronique Inc.<\/title>\n<meta name=\"description\" content=\"Adapt\u00e9 \u00e0 vos besoins Nous vous offrons un ensemble d\u2019am\u00e9nagement sur mesure qui respectent vos besoins.Que vous soyez :\u00c9lectricienContracteurBureau de\" \/>\n<meta name=\"robots\" content=\"index, follow, max-snippet:-1, max-image-preview:large, max-video-preview:-1\" \/>\n<link rel=\"canonical\" href=\"https:\/\/www.zonetechnologie.com\/fr\/services\/amenagement-standard\/\" \/>\n<meta property=\"og:locale\" content=\"fr_CA\" \/>\n<meta property=\"og:type\" content=\"article\" \/>\n<meta property=\"og:title\" content=\"Am\u00e9nagement standard - Zone Technologie \u00c9lectronique Inc.\" \/>\n<meta property=\"og:description\" content=\"Adapt\u00e9 \u00e0 vos besoins Nous vous offrons un ensemble d\u2019am\u00e9nagement sur mesure qui respectent vos besoins.Que vous soyez :\u00c9lectricienContracteurBureau de\" \/>\n<meta property=\"og:url\" content=\"https:\/\/www.zonetechnologie.com\/fr\/services\/amenagement-standard\/\" \/>\n<meta property=\"og:site_name\" content=\"Zone Technologie \u00c9lectronique Inc.\" \/>\n<meta property=\"article:modified_time\" content=\"2026-03-30T15:19:26+00:00\" \/>\n<meta property=\"og:image\" content=\"https:\/\/www.zonetechnologie.com\/wp-content\/uploads\/2020\/02\/ZT08ms17-27GrapheStudio-scaled.jpg\" \/>\n\t<meta property=\"og:image:width\" content=\"2250\" \/>\n\t<meta property=\"og:image:height\" content=\"1500\" \/>\n\t<meta property=\"og:image:type\" content=\"image\/jpeg\" \/>\n<meta name=\"twitter:card\" content=\"summary_large_image\" \/>\n<meta name=\"twitter:label1\" content=\"Estimation du temps de lecture\" \/>\n\t<meta name=\"twitter:data1\" content=\"1 minute\" \/>\n<script type=\"application\/ld+json\" class=\"yoast-schema-graph\">{\"@context\":\"https:\/\/schema.org\",\"@graph\":[{\"@type\":\"WebPage\",\"@id\":\"https:\/\/www.zonetechnologie.com\/fr\/services\/amenagement-standard\/\",\"url\":\"https:\/\/www.zonetechnologie.com\/fr\/services\/amenagement-standard\/\",\"name\":\"Am\u00e9nagement standard - Zone Technologie \u00c9lectronique Inc.\",\"isPartOf\":{\"@id\":\"https:\/\/www.zonetechnologie.com\/fr\/#website\"},\"datePublished\":\"2020-02-27T15:17:48+00:00\",\"dateModified\":\"2026-03-30T15:19:26+00:00\",\"description\":\"Adapt\u00e9 \u00e0 vos besoins Nous vous offrons un ensemble d\u2019am\u00e9nagement sur mesure qui respectent vos besoins.Que vous soyez :\u00c9lectricienContracteurBureau de\",\"breadcrumb\":{\"@id\":\"https:\/\/www.zonetechnologie.com\/fr\/services\/amenagement-standard\/#breadcrumb\"},\"inLanguage\":\"fr-CA\",\"potentialAction\":[{\"@type\":\"ReadAction\",\"target\":[\"https:\/\/www.zonetechnologie.com\/fr\/services\/amenagement-standard\/\"]}]},{\"@type\":\"BreadcrumbList\",\"@id\":\"https:\/\/www.zonetechnologie.com\/fr\/services\/amenagement-standard\/#breadcrumb\",\"itemListElement\":[{\"@type\":\"ListItem\",\"position\":1,\"name\":\"Accueil\",\"item\":\"https:\/\/www.zonetechnologie.com\/fr\/\"},{\"@type\":\"ListItem\",\"position\":2,\"name\":\"Services\",\"item\":\"https:\/\/www.zonetechnologie.com\/fr\/services\/\"},{\"@type\":\"ListItem\",\"position\":3,\"name\":\"Am\u00e9nagement standard\"}]},{\"@type\":\"WebSite\",\"@id\":\"https:\/\/www.zonetechnologie.com\/fr\/#website\",\"url\":\"https:\/\/www.zonetechnologie.com\/fr\/\",\"name\":\"Zone Technologie \u00c9lectronique Inc.\",\"description\":\"Innovation en mouvement\",\"publisher\":{\"@id\":\"https:\/\/www.zonetechnologie.com\/fr\/#organization\"},\"potentialAction\":[{\"@type\":\"SearchAction\",\"target\":{\"@type\":\"EntryPoint\",\"urlTemplate\":\"https:\/\/www.zonetechnologie.com\/fr\/?s={search_term_string}\"},\"query-input\":\"required name=search_term_string\"}],\"inLanguage\":\"fr-CA\"},{\"@type\":\"Organization\",\"@id\":\"https:\/\/www.zonetechnologie.com\/fr\/#organization\",\"name\":\"Zone Technologie\",\"url\":\"https:\/\/www.zonetechnologie.com\/fr\/\",\"logo\":{\"@type\":\"ImageObject\",\"inLanguage\":\"fr-CA\",\"@id\":\"https:\/\/www.zonetechnologie.com\/fr\/#\/schema\/logo\/image\/\",\"url\":\"https:\/\/www.zonetechnologie.com\/wp-content\/uploads\/2020\/02\/zone_favicon.png\",\"contentUrl\":\"https:\/\/www.zonetechnologie.com\/wp-content\/uploads\/2020\/02\/zone_favicon.png\",\"width\":531,\"height\":531,\"caption\":\"Zone Technologie\"},\"image\":{\"@id\":\"https:\/\/www.zonetechnologie.com\/fr\/#\/schema\/logo\/image\/\"}}]}<\/script>\n<!-- \/ Yoast SEO plugin. -->","yoast_head_json":{"title":"Am\u00e9nagement standard - Zone Technologie \u00c9lectronique Inc.","description":"Adapt\u00e9 \u00e0 vos besoins Nous vous offrons un ensemble d\u2019am\u00e9nagement sur mesure qui respectent vos besoins.Que vous soyez :\u00c9lectricienContracteurBureau de","robots":{"index":"index","follow":"follow","max-snippet":"max-snippet:-1","max-image-preview":"max-image-preview:large","max-video-preview":"max-video-preview:-1"},"canonical":"https:\/\/www.zonetechnologie.com\/fr\/services\/amenagement-standard\/","og_locale":"fr_CA","og_type":"article","og_title":"Am\u00e9nagement standard - Zone Technologie \u00c9lectronique Inc.","og_description":"Adapt\u00e9 \u00e0 vos besoins Nous vous offrons un ensemble d\u2019am\u00e9nagement sur mesure qui respectent vos besoins.Que vous soyez :\u00c9lectricienContracteurBureau de","og_url":"https:\/\/www.zonetechnologie.com\/fr\/services\/amenagement-standard\/","og_site_name":"Zone Technologie \u00c9lectronique Inc.","article_modified_time":"2026-03-30T15:19:26+00:00","og_image":[{"width":2250,"height":1500,"url":"https:\/\/www.zonetechnologie.com\/wp-content\/uploads\/2020\/02\/ZT08ms17-27GrapheStudio-scaled.jpg","type":"image\/jpeg"}],"twitter_card":"summary_large_image","twitter_misc":{"Estimation du temps de lecture":"1 minute"},"schema":{"@context":"https:\/\/schema.org","@graph":[{"@type":"WebPage","@id":"https:\/\/www.zonetechnologie.com\/fr\/services\/amenagement-standard\/","url":"https:\/\/www.zonetechnologie.com\/fr\/services\/amenagement-standard\/","name":"Am\u00e9nagement standard - Zone Technologie \u00c9lectronique Inc.","isPartOf":{"@id":"https:\/\/www.zonetechnologie.com\/fr\/#website"},"datePublished":"2020-02-27T15:17:48+00:00","dateModified":"2026-03-30T15:19:26+00:00","description":"Adapt\u00e9 \u00e0 vos besoins Nous vous offrons un ensemble d\u2019am\u00e9nagement sur mesure qui respectent vos besoins.Que vous soyez :\u00c9lectricienContracteurBureau de","breadcrumb":{"@id":"https:\/\/www.zonetechnologie.com\/fr\/services\/amenagement-standard\/#breadcrumb"},"inLanguage":"fr-CA","potentialAction":[{"@type":"ReadAction","target":["https:\/\/www.zonetechnologie.com\/fr\/services\/amenagement-standard\/"]}]},{"@type":"BreadcrumbList","@id":"https:\/\/www.zonetechnologie.com\/fr\/services\/amenagement-standard\/#breadcrumb","itemListElement":[{"@type":"ListItem","position":1,"name":"Accueil","item":"https:\/\/www.zonetechnologie.com\/fr\/"},{"@type":"ListItem","position":2,"name":"Services","item":"https:\/\/www.zonetechnologie.com\/fr\/services\/"},{"@type":"ListItem","position":3,"name":"Am\u00e9nagement standard"}]},{"@type":"WebSite","@id":"https:\/\/www.zonetechnologie.com\/fr\/#website","url":"https:\/\/www.zonetechnologie.com\/fr\/","name":"Zone Technologie \u00c9lectronique Inc.","description":"Innovation en mouvement","publisher":{"@id":"https:\/\/www.zonetechnologie.com\/fr\/#organization"},"potentialAction":[{"@type":"SearchAction","target":{"@type":"EntryPoint","urlTemplate":"https:\/\/www.zonetechnologie.com\/fr\/?s={search_term_string}"},"query-input":"required name=search_term_string"}],"inLanguage":"fr-CA"},{"@type":"Organization","@id":"https:\/\/www.zonetechnologie.com\/fr\/#organization","name":"Zone Technologie","url":"https:\/\/www.zonetechnologie.com\/fr\/","logo":{"@type":"ImageObject","inLanguage":"fr-CA","@id":"https:\/\/www.zonetechnologie.com\/fr\/#\/schema\/logo\/image\/","url":"https:\/\/www.zonetechnologie.com\/wp-content\/uploads\/2020\/02\/zone_favicon.png","contentUrl":"https:\/\/www.zonetechnologie.com\/wp-content\/uploads\/2020\/02\/zone_favicon.png","width":531,"height":531,"caption":"Zone Technologie"},"image":{"@id":"https:\/\/www.zonetechnologie.com\/fr\/#\/schema\/logo\/image\/"}}]}},"_links":{"self":[{"href":"https:\/\/www.zonetechnologie.com\/fr\/wp-json\/wp\/v2\/pages\/181"}],"collection":[{"href":"https:\/\/www.zonetechnologie.com\/fr\/wp-json\/wp\/v2\/pages"}],"about":[{"href":"https:\/\/www.zonetechnologie.com\/fr\/wp-json\/wp\/v2\/types\/page"}],"author":[{"embeddable":true,"href":"https:\/\/www.zonetechnologie.com\/fr\/wp-json\/wp\/v2\/users\/1"}],"replies":[{"embeddable":true,"href":"https:\/\/www.zonetechnologie.com\/fr\/wp-json\/wp\/v2\/comments?post=181"}],"version-history":[{"count":10,"href":"https:\/\/www.zonetechnologie.com\/fr\/wp-json\/wp\/v2\/pages\/181\/revisions"}],"predecessor-version":[{"id":55063,"href":"https:\/\/www.zonetechnologie.com\/fr\/wp-json\/wp\/v2\/pages\/181\/revisions\/55063"}],"up":[{"embeddable":true,"href":"https:\/\/www.zonetechnologie.com\/fr\/wp-json\/wp\/v2\/pages\/13"}],"wp:featuredmedia":[{"embeddable":true,"href":"https:\/\/www.zonetechnologie.com\/fr\/wp-json\/wp\/v2\/media\/223"}],"wp:attachment":[{"href":"https:\/\/www.zonetechnologie.com\/fr\/wp-json\/wp\/v2\/media?parent=181"}],"curies":[{"name":"wp","href":"https:\/\/api.w.org\/{rel}","templated":true}]}}