{"id":18,"date":"2020-02-25T15:30:12","date_gmt":"2020-02-25T20:30:12","guid":{"rendered":"https:\/\/www.zonetechnologie.com\/?page_id=18"},"modified":"2020-08-26T09:51:41","modified_gmt":"2020-08-26T13:51:41","slug":"marches","status":"publish","type":"page","link":"https:\/\/www.zonetechnologie.com\/fr\/marches\/","title":{"rendered":"March\u00e9s"},"content":{"rendered":"\t\t<div data-elementor-type=\"wp-page\" data-elementor-id=\"18\" class=\"elementor elementor-18\">\n\t\t\t\t\t\t\t\t\t<section class=\"elementor-section elementor-top-section elementor-element elementor-element-a822690 elementor-section-boxed elementor-section-height-default elementor-section-height-default\" data-id=\"a822690\" data-element_type=\"section\">\n\t\t\t\t\t\t<div class=\"elementor-container elementor-column-gap-default\">\n\t\t\t\t\t<div class=\"elementor-column elementor-col-100 elementor-top-column elementor-element elementor-element-48d360f\" data-id=\"48d360f\" data-element_type=\"column\">\n\t\t\t<div class=\"elementor-widget-wrap elementor-element-populated\">\n\t\t\t\t\t\t\t\t<div class=\"elementor-element elementor-element-62d5a50 elementor-widget__width-initial elementor-widget-tablet__width-initial elementor-widget-mobile__width-initial elementor-cta--valign-middle elementor-bg-transform elementor-bg-transform-move-left elementor-cta--skin-classic elementor-animated-content elementor-widget elementor-widget-call-to-action\" data-id=\"62d5a50\" data-element_type=\"widget\" data-widget_type=\"call-to-action.default\">\n\t\t\t\t<div class=\"elementor-widget-container\">\n\t\t\t\t\t<a class=\"elementor-cta\" href=\"https:\/\/www.zonetechnologie.com\/fr\/marches\/villes-et-municipalites\/\">\n\t\t\t\t\t\t\t<div class=\"elementor-cta__content\">\n\t\t\t\t\n\t\t\t\t<h2 class=\"elementor-cta__title elementor-cta__content-item elementor-content-item\">Villes et municipalit\u00e9s<\/h2>\n\t\t\t\t\t\t\t\t\t<div class=\"elementor-cta__description elementor-cta__content-item elementor-content-item\">\n\t\t\t\t\t\tFlotte respectant les plus hauts standards en termes d\u2019efficacit\u00e9 et de durabilit\u00e9.\t\t\t\t\t<\/div>\n\t\t\t\t\n\t\t\t\t\t\t\t<\/div>\n\t\t\t\t\t\t<\/a>\n\t\t\t\t<\/div>\n\t\t\t\t<\/div>\n\t\t\t\t<div class=\"elementor-element elementor-element-2b7b400 elementor-widget__width-initial elementor-widget-tablet__width-initial elementor-widget-mobile__width-initial elementor-cta--valign-middle elementor-bg-transform elementor-bg-transform-move-left elementor-cta--skin-classic elementor-animated-content elementor-widget elementor-widget-call-to-action\" data-id=\"2b7b400\" data-element_type=\"widget\" data-widget_type=\"call-to-action.default\">\n\t\t\t\t<div class=\"elementor-widget-container\">\n\t\t\t\t\t<a class=\"elementor-cta\" href=\"https:\/\/www.zonetechnologie.com\/fr\/marches\/distribution-de-produits\/\">\n\t\t\t\t\t\t\t<div class=\"elementor-cta__content\">\n\t\t\t\t\n\t\t\t\t<h2 class=\"elementor-cta__title elementor-cta__content-item elementor-content-item\">Entrepreneurs<\/h2>\n\t\t\t\t\t\t\t\t\t<div class=\"elementor-cta__description elementor-cta__content-item elementor-content-item\">\n\t\t\t\t\t\tAm\u00e9nagement des camions et des fourgonnettes pour l\u2019industrie de la construction.\t\t\t\t\t<\/div>\n\t\t\t\t\n\t\t\t\t\t\t\t<\/div>\n\t\t\t\t\t\t<\/a>\n\t\t\t\t<\/div>\n\t\t\t\t<\/div>\n\t\t\t\t<div class=\"elementor-element elementor-element-fba3136 elementor-widget__width-initial elementor-widget-tablet__width-initial elementor-widget-mobile__width-initial elementor-cta--valign-middle elementor-bg-transform elementor-bg-transform-move-left elementor-cta--skin-classic elementor-animated-content elementor-widget elementor-widget-call-to-action\" data-id=\"fba3136\" data-element_type=\"widget\" data-widget_type=\"call-to-action.default\">\n\t\t\t\t<div class=\"elementor-widget-container\">\n\t\t\t\t\t<a class=\"elementor-cta\" href=\"https:\/\/www.zonetechnologie.com\/fr\/marches\/flottes-de-vehicule\/\">\n\t\t\t\t\t\t\t<div class=\"elementor-cta__content\">\n\t\t\t\t\n\t\t\t\t<h2 class=\"elementor-cta__title elementor-cta__content-item elementor-content-item\">Flottes de v\u00e9hicule<\/h2>\n\t\t\t\t\t\t\t\t\t<div class=\"elementor-cta__description elementor-cta__content-item elementor-content-item\">\n\t\t\t\t\t\tRapidit\u00e9 de r\u00e9cup\u00e9ration des nouveaux v\u00e9hicules am\u00e9nag\u00e9s\t\t\t\t\t<\/div>\n\t\t\t\t\n\t\t\t\t\t\t\t<\/div>\n\t\t\t\t\t\t<\/a>\n\t\t\t\t<\/div>\n\t\t\t\t<\/div>\n\t\t\t\t\t<\/div>\n\t\t<\/div>\n\t\t\t\t\t\t\t<\/div>\n\t\t<\/section>\n\t\t\t\t\t\t\t<\/div>\n\t\t","protected":false},"excerpt":{"rendered":"<p>Villes et municipalit\u00e9s Flotte respectant les plus hauts standards en termes d\u2019efficacit\u00e9 et de durabilit\u00e9. Entrepreneurs Am\u00e9nagement des camions et des fourgonnettes pour l\u2019industrie de la construction. Flottes de v\u00e9hicule Rapidit\u00e9 de r\u00e9cup\u00e9ration des nouveaux v\u00e9hicules am\u00e9nag\u00e9s<\/p>\n","protected":false},"author":1,"featured_media":0,"parent":0,"menu_order":0,"comment_status":"closed","ping_status":"closed","template":"","meta":[],"acf":[],"yoast_head":"<!-- This site is optimized with the Yoast SEO plugin v21.8 - https:\/\/yoast.com\/wordpress\/plugins\/seo\/ -->\n<title>March\u00e9s - Zone Technologie \u00c9lectronique Inc.<\/title>\n<meta name=\"description\" content=\"Villes et municipalit\u00e9s Flotte respectant les plus hauts standards en termes d\u2019efficacit\u00e9 et de durabilit\u00e9. Entrepreneurs Am\u00e9nagement des camions et des\" \/>\n<meta name=\"robots\" content=\"index, follow, max-snippet:-1, max-image-preview:large, max-video-preview:-1\" \/>\n<link rel=\"canonical\" href=\"https:\/\/www.zonetechnologie.com\/fr\/marches\/\" \/>\n<meta property=\"og:locale\" content=\"fr_CA\" \/>\n<meta property=\"og:type\" content=\"article\" \/>\n<meta property=\"og:title\" content=\"March\u00e9s - Zone Technologie \u00c9lectronique Inc.\" \/>\n<meta property=\"og:description\" content=\"Villes et municipalit\u00e9s Flotte respectant les plus hauts standards en termes d\u2019efficacit\u00e9 et de durabilit\u00e9. Entrepreneurs Am\u00e9nagement des camions et des\" \/>\n<meta property=\"og:url\" content=\"https:\/\/www.zonetechnologie.com\/fr\/marches\/\" \/>\n<meta property=\"og:site_name\" content=\"Zone Technologie \u00c9lectronique Inc.\" \/>\n<meta property=\"article:modified_time\" content=\"2020-08-26T13:51:41+00:00\" \/>\n<meta property=\"og:image\" content=\"https:\/\/www.zonetechnologie.com\/wp-content\/uploads\/2020\/05\/ZTE-OG.png\" \/>\n\t<meta property=\"og:image:width\" content=\"1200\" \/>\n\t<meta property=\"og:image:height\" content=\"630\" \/>\n\t<meta property=\"og:image:type\" content=\"image\/png\" \/>\n<meta name=\"twitter:card\" content=\"summary_large_image\" \/>\n<script type=\"application\/ld+json\" class=\"yoast-schema-graph\">{\"@context\":\"https:\/\/schema.org\",\"@graph\":[{\"@type\":\"WebPage\",\"@id\":\"https:\/\/www.zonetechnologie.com\/fr\/marches\/\",\"url\":\"https:\/\/www.zonetechnologie.com\/fr\/marches\/\",\"name\":\"March\u00e9s - Zone Technologie \u00c9lectronique Inc.\",\"isPartOf\":{\"@id\":\"https:\/\/www.zonetechnologie.com\/fr\/#website\"},\"datePublished\":\"2020-02-25T20:30:12+00:00\",\"dateModified\":\"2020-08-26T13:51:41+00:00\",\"description\":\"Villes et municipalit\u00e9s Flotte respectant les plus hauts standards en termes d\u2019efficacit\u00e9 et de durabilit\u00e9. Entrepreneurs Am\u00e9nagement des camions et des\",\"breadcrumb\":{\"@id\":\"https:\/\/www.zonetechnologie.com\/fr\/marches\/#breadcrumb\"},\"inLanguage\":\"fr-CA\",\"potentialAction\":[{\"@type\":\"ReadAction\",\"target\":[\"https:\/\/www.zonetechnologie.com\/fr\/marches\/\"]}]},{\"@type\":\"BreadcrumbList\",\"@id\":\"https:\/\/www.zonetechnologie.com\/fr\/marches\/#breadcrumb\",\"itemListElement\":[{\"@type\":\"ListItem\",\"position\":1,\"name\":\"Accueil\",\"item\":\"https:\/\/www.zonetechnologie.com\/fr\/\"},{\"@type\":\"ListItem\",\"position\":2,\"name\":\"March\u00e9s\"}]},{\"@type\":\"WebSite\",\"@id\":\"https:\/\/www.zonetechnologie.com\/fr\/#website\",\"url\":\"https:\/\/www.zonetechnologie.com\/fr\/\",\"name\":\"Zone Technologie \u00c9lectronique Inc.\",\"description\":\"Innovation en mouvement\",\"publisher\":{\"@id\":\"https:\/\/www.zonetechnologie.com\/fr\/#organization\"},\"potentialAction\":[{\"@type\":\"SearchAction\",\"target\":{\"@type\":\"EntryPoint\",\"urlTemplate\":\"https:\/\/www.zonetechnologie.com\/fr\/?s={search_term_string}\"},\"query-input\":\"required name=search_term_string\"}],\"inLanguage\":\"fr-CA\"},{\"@type\":\"Organization\",\"@id\":\"https:\/\/www.zonetechnologie.com\/fr\/#organization\",\"name\":\"Zone Technologie\",\"url\":\"https:\/\/www.zonetechnologie.com\/fr\/\",\"logo\":{\"@type\":\"ImageObject\",\"inLanguage\":\"fr-CA\",\"@id\":\"https:\/\/www.zonetechnologie.com\/fr\/#\/schema\/logo\/image\/\",\"url\":\"https:\/\/www.zonetechnologie.com\/wp-content\/uploads\/2020\/02\/zone_favicon.png\",\"contentUrl\":\"https:\/\/www.zonetechnologie.com\/wp-content\/uploads\/2020\/02\/zone_favicon.png\",\"width\":531,\"height\":531,\"caption\":\"Zone Technologie\"},\"image\":{\"@id\":\"https:\/\/www.zonetechnologie.com\/fr\/#\/schema\/logo\/image\/\"}}]}<\/script>\n<!-- \/ Yoast SEO plugin. -->","yoast_head_json":{"title":"March\u00e9s - Zone Technologie \u00c9lectronique Inc.","description":"Villes et municipalit\u00e9s Flotte respectant les plus hauts standards en termes d\u2019efficacit\u00e9 et de durabilit\u00e9. Entrepreneurs Am\u00e9nagement des camions et des","robots":{"index":"index","follow":"follow","max-snippet":"max-snippet:-1","max-image-preview":"max-image-preview:large","max-video-preview":"max-video-preview:-1"},"canonical":"https:\/\/www.zonetechnologie.com\/fr\/marches\/","og_locale":"fr_CA","og_type":"article","og_title":"March\u00e9s - Zone Technologie \u00c9lectronique Inc.","og_description":"Villes et municipalit\u00e9s Flotte respectant les plus hauts standards en termes d\u2019efficacit\u00e9 et de durabilit\u00e9. Entrepreneurs Am\u00e9nagement des camions et des","og_url":"https:\/\/www.zonetechnologie.com\/fr\/marches\/","og_site_name":"Zone Technologie \u00c9lectronique Inc.","article_modified_time":"2020-08-26T13:51:41+00:00","og_image":[{"width":1200,"height":630,"url":"https:\/\/www.zonetechnologie.com\/wp-content\/uploads\/2020\/05\/ZTE-OG.png","type":"image\/png"}],"twitter_card":"summary_large_image","schema":{"@context":"https:\/\/schema.org","@graph":[{"@type":"WebPage","@id":"https:\/\/www.zonetechnologie.com\/fr\/marches\/","url":"https:\/\/www.zonetechnologie.com\/fr\/marches\/","name":"March\u00e9s - Zone Technologie \u00c9lectronique Inc.","isPartOf":{"@id":"https:\/\/www.zonetechnologie.com\/fr\/#website"},"datePublished":"2020-02-25T20:30:12+00:00","dateModified":"2020-08-26T13:51:41+00:00","description":"Villes et municipalit\u00e9s Flotte respectant les plus hauts standards en termes d\u2019efficacit\u00e9 et de durabilit\u00e9. Entrepreneurs Am\u00e9nagement des camions et des","breadcrumb":{"@id":"https:\/\/www.zonetechnologie.com\/fr\/marches\/#breadcrumb"},"inLanguage":"fr-CA","potentialAction":[{"@type":"ReadAction","target":["https:\/\/www.zonetechnologie.com\/fr\/marches\/"]}]},{"@type":"BreadcrumbList","@id":"https:\/\/www.zonetechnologie.com\/fr\/marches\/#breadcrumb","itemListElement":[{"@type":"ListItem","position":1,"name":"Accueil","item":"https:\/\/www.zonetechnologie.com\/fr\/"},{"@type":"ListItem","position":2,"name":"March\u00e9s"}]},{"@type":"WebSite","@id":"https:\/\/www.zonetechnologie.com\/fr\/#website","url":"https:\/\/www.zonetechnologie.com\/fr\/","name":"Zone Technologie \u00c9lectronique Inc.","description":"Innovation en mouvement","publisher":{"@id":"https:\/\/www.zonetechnologie.com\/fr\/#organization"},"potentialAction":[{"@type":"SearchAction","target":{"@type":"EntryPoint","urlTemplate":"https:\/\/www.zonetechnologie.com\/fr\/?s={search_term_string}"},"query-input":"required name=search_term_string"}],"inLanguage":"fr-CA"},{"@type":"Organization","@id":"https:\/\/www.zonetechnologie.com\/fr\/#organization","name":"Zone Technologie","url":"https:\/\/www.zonetechnologie.com\/fr\/","logo":{"@type":"ImageObject","inLanguage":"fr-CA","@id":"https:\/\/www.zonetechnologie.com\/fr\/#\/schema\/logo\/image\/","url":"https:\/\/www.zonetechnologie.com\/wp-content\/uploads\/2020\/02\/zone_favicon.png","contentUrl":"https:\/\/www.zonetechnologie.com\/wp-content\/uploads\/2020\/02\/zone_favicon.png","width":531,"height":531,"caption":"Zone Technologie"},"image":{"@id":"https:\/\/www.zonetechnologie.com\/fr\/#\/schema\/logo\/image\/"}}]}},"_links":{"self":[{"href":"https:\/\/www.zonetechnologie.com\/fr\/wp-json\/wp\/v2\/pages\/18"}],"collection":[{"href":"https:\/\/www.zonetechnologie.com\/fr\/wp-json\/wp\/v2\/pages"}],"about":[{"href":"https:\/\/www.zonetechnologie.com\/fr\/wp-json\/wp\/v2\/types\/page"}],"author":[{"embeddable":true,"href":"https:\/\/www.zonetechnologie.com\/fr\/wp-json\/wp\/v2\/users\/1"}],"replies":[{"embeddable":true,"href":"https:\/\/www.zonetechnologie.com\/fr\/wp-json\/wp\/v2\/comments?post=18"}],"version-history":[{"count":0,"href":"https:\/\/www.zonetechnologie.com\/fr\/wp-json\/wp\/v2\/pages\/18\/revisions"}],"wp:attachment":[{"href":"https:\/\/www.zonetechnologie.com\/fr\/wp-json\/wp\/v2\/media?parent=18"}],"curies":[{"name":"wp","href":"https:\/\/api.w.org\/{rel}","templated":true}]}}